{"id":1150,"date":"2024-11-05T13:13:27","date_gmt":"2024-11-05T13:13:27","guid":{"rendered":"http:\/\/matrakfederasyonu.org\/?page_id=1150"},"modified":"2024-11-06T08:56:48","modified_gmt":"2024-11-06T08:56:48","slug":"engelsiz-matrak","status":"publish","type":"page","link":"http:\/\/matrakfederasyonu.org\/?page_id=1150","title":{"rendered":"Engelsiz Matrak"},"content":{"rendered":"\n<p>Cenk Sanat\u0131 Matrak Engelli bireylerinde oynayabilece\u011fi bir oyun olarak Kurucu Efkan \u00c7al\u0131\u015f taraf\u0131ndan d\u00fczenlenmi\u015ftir. <\/p>\n\n\n\n<p>\u00c7al\u0131\u015f&#8217;\u0131n bu alanda yapm\u0131\u015f oldu\u011fu \u00e7al\u0131\u015fmalar neticesinde engelli insanlar\u0131n rehabilitasyon s\u00fcreci yan\u0131 s\u0131ra sosyalle\u015fme, kendilerini ifade etme, odaklanma, ki\u015fisel savunma, kas geli\u015fimi vb. bir \u00e7ok ba\u015fl\u0131kda  engellilere fayda sa\u011fland\u0131\u011f\u0131n\u0131 tespit etmi\u015ftir.<\/p>\n\n\n\n<p>Hangi Engelli s\u0131n\u0131flar\u0131 Matrak oyununu oynayabilir.<\/p>\n\n\n\n<p>*Tekerlekli sandalye \u00fczerindeki engelliler<\/p>\n\n\n\n<p>*G\u00f6rme Engelliler <\/p>\n\n\n\n<p>*\u0130\u015fitme  Engelliler<\/p>\n\n\n\n<p>*\u00d6zel e\u011fitime gereksinim duyan engelliler Matrak oyununu rahatl\u0131la oynayabilrler.<\/p>\n\n\n\n<p>Engellilere y\u00f6nelik faaliyetler d\u00fczenlemek \u00fczere Ankara&#8217;da Matrak Federasyonu kurucu \u00fcyesi &#8221;Engelsiz Geleneksel Sanatlar Matrak Derne\u011fi&#8221; mevcutdur.<\/p>\n\n\n\n<p>Engellilerin spor yapmas\u0131 ve y\u00fczlerinde a\u00e7acak g\u00fcl\u00fcmsemeye \u015fahit olmak, katk\u0131 sa\u011flamak \u00fczere herkesi derne\u011fimize bekleriz.<\/p>\n\n\n\n<p> Erzurum Mahallesi Talatpa\u015fa Bulvar\u0131 156\/D  Cebeci \/ Ankara      05324515372<\/p>\n\n\n\n<figure class=\"wp-block-embed is-type-video is-provider-youtube wp-block-embed-youtube wp-embed-aspect-4-3 wp-has-aspect-ratio\"><div class=\"wp-block-embed__wrapper\">\n<iframe loading=\"lazy\" title=\"TEKERLEKL\u0130 SANDALYEDE ENGELL\u0130 MATRAK OYUNU\" width=\"500\" height=\"375\" src=\"https:\/\/www.youtube.com\/embed\/cgN1rn3wHgc?feature=oembed\" frameborder=\"0\" allow=\"accelerometer; autoplay; clipboard-write; encrypted-media; gyroscope; picture-in-picture; web-share\" referrerpolicy=\"strict-origin-when-cross-origin\" allowfullscreen><\/iframe>\n<\/div><\/figure>\n\n\n\n<figure class=\"wp-block-embed is-type-video is-provider-youtube wp-block-embed-youtube wp-embed-aspect-4-3 wp-has-aspect-ratio\"><div class=\"wp-block-embed__wrapper\">\n<iframe loading=\"lazy\" title=\"G\u00d6RME ENGELL\u0130 MATRAK\" width=\"500\" height=\"375\" src=\"https:\/\/www.youtube.com\/embed\/8W_qjygUBXY?feature=oembed\" frameborder=\"0\" allow=\"accelerometer; autoplay; clipboard-write; encrypted-media; gyroscope; picture-in-picture; web-share\" referrerpolicy=\"strict-origin-when-cross-origin\" allowfullscreen><\/iframe>\n<\/div><\/figure>\n\n\n\n<p><\/p>\n\n\n\n<figure class=\"wp-block-embed is-type-video is-provider-youtube wp-block-embed-youtube wp-embed-aspect-4-3 wp-has-aspect-ratio\"><div class=\"wp-block-embed__wrapper\">\n<iframe loading=\"lazy\" title=\"MATRAK ENGEL TANIMAZ ENGELL\u0130 MATRAK OYUNU\" width=\"500\" height=\"281\" src=\"https:\/\/www.youtube.com\/embed\/a6TrgAc9Y6E?feature=oembed\" frameborder=\"0\" allow=\"accelerometer; autoplay; clipboard-write; encrypted-media; gyroscope; picture-in-picture; web-share\" referrerpolicy=\"strict-origin-when-cross-origin\" allowfullscreen><\/iframe>\n<\/div><\/figure>\n\n\n\n<p>\u00d6zel E\u011fitime \u0130htiya\u00e7 Duyan Bireyler i\u00e7in Matrak oyunu<\/p>\n\n\n\n<figure class=\"wp-block-embed is-provider-youtube wp-block-embed-youtube\"><div class=\"wp-block-embed__wrapper\">\nhttps:\/\/youtu.be\/UIs0JRfpGqQ\n<\/div><\/figure>\n","protected":false},"excerpt":{"rendered":"<p>Cenk Sanat\u0131 Matrak Engelli bireylerinde oynayabilece\u011fi bir oyun olarak Kurucu Efkan \u00c7al\u0131\u015f taraf\u0131ndan d\u00fczenlenmi\u015ftir. \u00c7al\u0131\u015f&#8217;\u0131n bu alanda yapm\u0131\u015f oldu\u011fu \u00e7al\u0131\u015fmalar neticesinde engelli insanlar\u0131n rehabilitasyon s\u00fcreci yan\u0131 s\u0131ra sosyalle\u015fme, kendilerini ifade etme, odaklanma, ki\u015fisel savunma, kas geli\u015fimi vb. bir \u00e7ok ba\u015fl\u0131kda engellilere fayda sa\u011fland\u0131\u011f\u0131n\u0131 tespit etmi\u015ftir. Hangi Engelli s\u0131n\u0131flar\u0131 Matrak oyununu oynayabilir. *Tekerlekli sandalye \u00fczerindeki engelliler *G\u00f6rme Engelliler *\u0130\u015fitme Engelliler *\u00d6zel e\u011fitime gereksinim duyan engelliler Matrak oyununu rahatl\u0131la oynayabilrler. Engellilere y\u00f6nelik faaliyetler d\u00fczenlemek \u00fczere Ankara&#8217;da Matrak Federasyonu kurucu \u00fcyesi &#8221;Engelsiz Geleneksel Sanatlar Matrak Derne\u011fi&#8221; mevcutdur. Engellilerin spor yapmas\u0131 ve y\u00fczlerinde a\u00e7acak g\u00fcl\u00fcmsemeye \u015fahit olmak, katk\u0131 sa\u011flamak \u00fczere herkesi derne\u011fimize bekleriz. Erzurum Mahallesi Talatpa\u015fa Bulvar\u0131&hellip;<\/p>\n","protected":false},"author":1,"featured_media":0,"parent":0,"menu_order":0,"comment_status":"closed","ping_status":"closed","template":"","meta":{"footnotes":""},"class_list":["post-1150","page","type-page","status-publish","hentry"],"yoast_head":"<!-- This site is optimized with the Yoast SEO plugin v27.4 - https:\/\/yoast.com\/product\/yoast-seo-wordpress\/ -->\n<title>Engelsiz Matrak - MATRAK FEDERASYONU<\/title>\n<meta name=\"robots\" content=\"index, follow, max-snippet:-1, max-image-preview:large, max-video-preview:-1\" \/>\n<link rel=\"canonical\" href=\"http:\/\/matrakfederasyonu.org\/?page_id=1150\" \/>\n<meta property=\"og:locale\" content=\"tr_TR\" \/>\n<meta property=\"og:type\" content=\"article\" \/>\n<meta property=\"og:title\" content=\"Engelsiz Matrak - MATRAK FEDERASYONU\" \/>\n<meta property=\"og:description\" content=\"Cenk Sanat\u0131 Matrak Engelli bireylerinde oynayabilece\u011fi bir oyun olarak Kurucu Efkan \u00c7al\u0131\u015f taraf\u0131ndan d\u00fczenlenmi\u015ftir. \u00c7al\u0131\u015f&#8217;\u0131n bu alanda yapm\u0131\u015f oldu\u011fu \u00e7al\u0131\u015fmalar neticesinde engelli insanlar\u0131n rehabilitasyon s\u00fcreci yan\u0131 s\u0131ra sosyalle\u015fme, kendilerini ifade etme, odaklanma, ki\u015fisel savunma, kas geli\u015fimi vb. bir \u00e7ok ba\u015fl\u0131kda engellilere fayda sa\u011fland\u0131\u011f\u0131n\u0131 tespit etmi\u015ftir. Hangi Engelli s\u0131n\u0131flar\u0131 Matrak oyununu oynayabilir. *Tekerlekli sandalye \u00fczerindeki engelliler *G\u00f6rme Engelliler *\u0130\u015fitme Engelliler *\u00d6zel e\u011fitime gereksinim duyan engelliler Matrak oyununu rahatl\u0131la oynayabilrler. Engellilere y\u00f6nelik faaliyetler d\u00fczenlemek \u00fczere Ankara&#8217;da Matrak Federasyonu kurucu \u00fcyesi &#8221;Engelsiz Geleneksel Sanatlar Matrak Derne\u011fi&#8221; mevcutdur. Engellilerin spor yapmas\u0131 ve y\u00fczlerinde a\u00e7acak g\u00fcl\u00fcmsemeye \u015fahit olmak, katk\u0131 sa\u011flamak \u00fczere herkesi derne\u011fimize bekleriz. Erzurum Mahallesi Talatpa\u015fa Bulvar\u0131&hellip;\" \/>\n<meta property=\"og:url\" content=\"http:\/\/matrakfederasyonu.org\/?page_id=1150\" \/>\n<meta property=\"og:site_name\" content=\"MATRAK FEDERASYONU\" \/>\n<meta property=\"article:modified_time\" content=\"2024-11-06T08:56:48+00:00\" \/>\n<meta name=\"twitter:card\" content=\"summary_large_image\" \/>\n<meta name=\"twitter:label1\" content=\"Tahmini okuma s\u00fcresi\" \/>\n\t<meta name=\"twitter:data1\" content=\"1 dakika\" \/>\n<script type=\"application\/ld+json\" class=\"yoast-schema-graph\">{\"@context\":\"https:\\\/\\\/schema.org\",\"@graph\":[{\"@type\":\"WebPage\",\"@id\":\"http:\\\/\\\/matrakfederasyonu.org\\\/?page_id=1150\",\"url\":\"http:\\\/\\\/matrakfederasyonu.org\\\/?page_id=1150\",\"name\":\"Engelsiz Matrak - MATRAK FEDERASYONU\",\"isPartOf\":{\"@id\":\"https:\\\/\\\/matrakfederasyonu.org\\\/#website\"},\"datePublished\":\"2024-11-05T13:13:27+00:00\",\"dateModified\":\"2024-11-06T08:56:48+00:00\",\"breadcrumb\":{\"@id\":\"http:\\\/\\\/matrakfederasyonu.org\\\/?page_id=1150#breadcrumb\"},\"inLanguage\":\"tr\",\"potentialAction\":[{\"@type\":\"ReadAction\",\"target\":[\"http:\\\/\\\/matrakfederasyonu.org\\\/?page_id=1150\"]}]},{\"@type\":\"BreadcrumbList\",\"@id\":\"http:\\\/\\\/matrakfederasyonu.org\\\/?page_id=1150#breadcrumb\",\"itemListElement\":[{\"@type\":\"ListItem\",\"position\":1,\"name\":\"Anasayfa\",\"item\":\"https:\\\/\\\/matrakfederasyonu.org\\\/\"},{\"@type\":\"ListItem\",\"position\":2,\"name\":\"Engelsiz Matrak\"}]},{\"@type\":\"WebSite\",\"@id\":\"https:\\\/\\\/matrakfederasyonu.org\\\/#website\",\"url\":\"https:\\\/\\\/matrakfederasyonu.org\\\/\",\"name\":\"MATRAK FEDERASYONU\",\"description\":\"SULTANLARIN SPORU YEN\u0130\u00c7ER\u0130LER\u0130N CENK SANATI\",\"publisher\":{\"@id\":\"https:\\\/\\\/matrakfederasyonu.org\\\/#organization\"},\"potentialAction\":[{\"@type\":\"SearchAction\",\"target\":{\"@type\":\"EntryPoint\",\"urlTemplate\":\"https:\\\/\\\/matrakfederasyonu.org\\\/?s={search_term_string}\"},\"query-input\":{\"@type\":\"PropertyValueSpecification\",\"valueRequired\":true,\"valueName\":\"search_term_string\"}}],\"inLanguage\":\"tr\"},{\"@type\":\"Organization\",\"@id\":\"https:\\\/\\\/matrakfederasyonu.org\\\/#organization\",\"name\":\"MATRAK FEDERASYONU\",\"url\":\"https:\\\/\\\/matrakfederasyonu.org\\\/\",\"logo\":{\"@type\":\"ImageObject\",\"inLanguage\":\"tr\",\"@id\":\"https:\\\/\\\/matrakfederasyonu.org\\\/#\\\/schema\\\/logo\\\/image\\\/\",\"url\":\"http:\\\/\\\/matrakfederasyonu.org\\\/wp-content\\\/uploads\\\/2022\\\/11\\\/cropped-cropped-MATRAK-FEDERASYONU-LOGO-2-1.png\",\"contentUrl\":\"http:\\\/\\\/matrakfederasyonu.org\\\/wp-content\\\/uploads\\\/2022\\\/11\\\/cropped-cropped-MATRAK-FEDERASYONU-LOGO-2-1.png\",\"width\":864,\"height\":774,\"caption\":\"MATRAK FEDERASYONU \"},\"image\":{\"@id\":\"https:\\\/\\\/matrakfederasyonu.org\\\/#\\\/schema\\\/logo\\\/image\\\/\"}}]}<\/script>\n<!-- \/ Yoast SEO plugin. -->","yoast_head_json":{"title":"Engelsiz Matrak - MATRAK FEDERASYONU","robots":{"index":"index","follow":"follow","max-snippet":"max-snippet:-1","max-image-preview":"max-image-preview:large","max-video-preview":"max-video-preview:-1"},"canonical":"http:\/\/matrakfederasyonu.org\/?page_id=1150","og_locale":"tr_TR","og_type":"article","og_title":"Engelsiz Matrak - MATRAK FEDERASYONU","og_description":"Cenk Sanat\u0131 Matrak Engelli bireylerinde oynayabilece\u011fi bir oyun olarak Kurucu Efkan \u00c7al\u0131\u015f taraf\u0131ndan d\u00fczenlenmi\u015ftir. \u00c7al\u0131\u015f&#8217;\u0131n bu alanda yapm\u0131\u015f oldu\u011fu \u00e7al\u0131\u015fmalar neticesinde engelli insanlar\u0131n rehabilitasyon s\u00fcreci yan\u0131 s\u0131ra sosyalle\u015fme, kendilerini ifade etme, odaklanma, ki\u015fisel savunma, kas geli\u015fimi vb. bir \u00e7ok ba\u015fl\u0131kda engellilere fayda sa\u011fland\u0131\u011f\u0131n\u0131 tespit etmi\u015ftir. Hangi Engelli s\u0131n\u0131flar\u0131 Matrak oyununu oynayabilir. *Tekerlekli sandalye \u00fczerindeki engelliler *G\u00f6rme Engelliler *\u0130\u015fitme Engelliler *\u00d6zel e\u011fitime gereksinim duyan engelliler Matrak oyununu rahatl\u0131la oynayabilrler. Engellilere y\u00f6nelik faaliyetler d\u00fczenlemek \u00fczere Ankara&#8217;da Matrak Federasyonu kurucu \u00fcyesi &#8221;Engelsiz Geleneksel Sanatlar Matrak Derne\u011fi&#8221; mevcutdur. Engellilerin spor yapmas\u0131 ve y\u00fczlerinde a\u00e7acak g\u00fcl\u00fcmsemeye \u015fahit olmak, katk\u0131 sa\u011flamak \u00fczere herkesi derne\u011fimize bekleriz. Erzurum Mahallesi Talatpa\u015fa Bulvar\u0131&hellip;","og_url":"http:\/\/matrakfederasyonu.org\/?page_id=1150","og_site_name":"MATRAK FEDERASYONU","article_modified_time":"2024-11-06T08:56:48+00:00","twitter_card":"summary_large_image","twitter_misc":{"Tahmini okuma s\u00fcresi":"1 dakika"},"schema":{"@context":"https:\/\/schema.org","@graph":[{"@type":"WebPage","@id":"http:\/\/matrakfederasyonu.org\/?page_id=1150","url":"http:\/\/matrakfederasyonu.org\/?page_id=1150","name":"Engelsiz Matrak - MATRAK FEDERASYONU","isPartOf":{"@id":"https:\/\/matrakfederasyonu.org\/#website"},"datePublished":"2024-11-05T13:13:27+00:00","dateModified":"2024-11-06T08:56:48+00:00","breadcrumb":{"@id":"http:\/\/matrakfederasyonu.org\/?page_id=1150#breadcrumb"},"inLanguage":"tr","potentialAction":[{"@type":"ReadAction","target":["http:\/\/matrakfederasyonu.org\/?page_id=1150"]}]},{"@type":"BreadcrumbList","@id":"http:\/\/matrakfederasyonu.org\/?page_id=1150#breadcrumb","itemListElement":[{"@type":"ListItem","position":1,"name":"Anasayfa","item":"https:\/\/matrakfederasyonu.org\/"},{"@type":"ListItem","position":2,"name":"Engelsiz Matrak"}]},{"@type":"WebSite","@id":"https:\/\/matrakfederasyonu.org\/#website","url":"https:\/\/matrakfederasyonu.org\/","name":"MATRAK FEDERASYONU","description":"SULTANLARIN SPORU YEN\u0130\u00c7ER\u0130LER\u0130N CENK SANATI","publisher":{"@id":"https:\/\/matrakfederasyonu.org\/#organization"},"potentialAction":[{"@type":"SearchAction","target":{"@type":"EntryPoint","urlTemplate":"https:\/\/matrakfederasyonu.org\/?s={search_term_string}"},"query-input":{"@type":"PropertyValueSpecification","valueRequired":true,"valueName":"search_term_string"}}],"inLanguage":"tr"},{"@type":"Organization","@id":"https:\/\/matrakfederasyonu.org\/#organization","name":"MATRAK FEDERASYONU","url":"https:\/\/matrakfederasyonu.org\/","logo":{"@type":"ImageObject","inLanguage":"tr","@id":"https:\/\/matrakfederasyonu.org\/#\/schema\/logo\/image\/","url":"http:\/\/matrakfederasyonu.org\/wp-content\/uploads\/2022\/11\/cropped-cropped-MATRAK-FEDERASYONU-LOGO-2-1.png","contentUrl":"http:\/\/matrakfederasyonu.org\/wp-content\/uploads\/2022\/11\/cropped-cropped-MATRAK-FEDERASYONU-LOGO-2-1.png","width":864,"height":774,"caption":"MATRAK FEDERASYONU "},"image":{"@id":"https:\/\/matrakfederasyonu.org\/#\/schema\/logo\/image\/"}}]}},"_links":{"self":[{"href":"http:\/\/matrakfederasyonu.org\/index.php?rest_route=\/wp\/v2\/pages\/1150","targetHints":{"allow":["GET"]}}],"collection":[{"href":"http:\/\/matrakfederasyonu.org\/index.php?rest_route=\/wp\/v2\/pages"}],"about":[{"href":"http:\/\/matrakfederasyonu.org\/index.php?rest_route=\/wp\/v2\/types\/page"}],"author":[{"embeddable":true,"href":"http:\/\/matrakfederasyonu.org\/index.php?rest_route=\/wp\/v2\/users\/1"}],"replies":[{"embeddable":true,"href":"http:\/\/matrakfederasyonu.org\/index.php?rest_route=%2Fwp%2Fv2%2Fcomments&post=1150"}],"version-history":[{"count":8,"href":"http:\/\/matrakfederasyonu.org\/index.php?rest_route=\/wp\/v2\/pages\/1150\/revisions"}],"predecessor-version":[{"id":1169,"href":"http:\/\/matrakfederasyonu.org\/index.php?rest_route=\/wp\/v2\/pages\/1150\/revisions\/1169"}],"wp:attachment":[{"href":"http:\/\/matrakfederasyonu.org\/index.php?rest_route=%2Fwp%2Fv2%2Fmedia&parent=1150"}],"curies":[{"name":"wp","href":"https:\/\/api.w.org\/{rel}","templated":true}]}}