{"id":1573,"date":"2025-02-05T13:47:36","date_gmt":"2025-02-05T13:47:36","guid":{"rendered":"http:\/\/matrakfederasyonu.org\/?page_id=1573"},"modified":"2025-02-05T13:53:35","modified_gmt":"2025-02-05T13:53:35","slug":"prof-dr-hidayet-isik-islam-geleneginde-tecdid-yenileme-ve-matrak-cenk-sanati","status":"publish","type":"page","link":"http:\/\/matrakfederasyonu.org\/?page_id=1573","title":{"rendered":"Prof. Dr. Hidayet I\u015f\u0131k &#8221;\u0130slam Gelene\u011finde Tecdid \/ Yenileme ve Matrak \/ Cenk Sanat\u0131&#8221;"},"content":{"rendered":"\n<figure class=\"wp-block-embed is-type-video is-provider-youtube wp-block-embed-youtube wp-embed-aspect-16-9 wp-has-aspect-ratio\"><div class=\"wp-block-embed__wrapper\">\n<iframe loading=\"lazy\" title=\"PROF  DR  H\u0130DAYET I\u015eIK &#039;&#039;\u0130SLAM GELENE\u011e\u0130NDE TECD\u0130D YEN\u0130LEME VE MATRAK CENK SANATI&#039;&#039;\" width=\"500\" height=\"281\" src=\"https:\/\/www.youtube.com\/embed\/_IwgaeVha20?feature=oembed\" frameborder=\"0\" allow=\"accelerometer; autoplay; clipboard-write; encrypted-media; gyroscope; picture-in-picture; web-share\" referrerpolicy=\"strict-origin-when-cross-origin\" allowfullscreen><\/iframe>\n<\/div><\/figure>\n","protected":false},"excerpt":{"rendered":"","protected":false},"author":1,"featured_media":1574,"parent":0,"menu_order":0,"comment_status":"closed","ping_status":"closed","template":"","meta":{"footnotes":""},"class_list":["post-1573","page","type-page","status-publish","has-post-thumbnail","hentry"],"yoast_head":"<!-- This site is optimized with the Yoast SEO plugin v27.4 - https:\/\/yoast.com\/product\/yoast-seo-wordpress\/ -->\n<title>Prof. Dr. Hidayet I\u015f\u0131k &#039;&#039;\u0130slam Gelene\u011finde Tecdid \/ Yenileme ve Matrak \/ Cenk Sanat\u0131&#039;&#039; - MATRAK FEDERASYONU<\/title>\n<meta name=\"robots\" content=\"index, follow, max-snippet:-1, max-image-preview:large, max-video-preview:-1\" \/>\n<link rel=\"canonical\" href=\"https:\/\/matrakfederasyonu.org\/?page_id=1573\" \/>\n<meta property=\"og:locale\" content=\"tr_TR\" \/>\n<meta property=\"og:type\" content=\"article\" \/>\n<meta property=\"og:title\" content=\"Prof. Dr. Hidayet I\u015f\u0131k &#039;&#039;\u0130slam Gelene\u011finde Tecdid \/ Yenileme ve Matrak \/ Cenk Sanat\u0131&#039;&#039; - MATRAK FEDERASYONU\" \/>\n<meta property=\"og:url\" content=\"https:\/\/matrakfederasyonu.org\/?page_id=1573\" \/>\n<meta property=\"og:site_name\" content=\"MATRAK FEDERASYONU\" \/>\n<meta property=\"article:modified_time\" content=\"2025-02-05T13:53:35+00:00\" \/>\n<meta property=\"og:image\" content=\"https:\/\/matrakfederasyonu.org\/wp-content\/uploads\/2025\/02\/PROF-DR-HIDAYET-ISIK-ISLAM-GELENEGINDE-TECDID-YENILEME-VE-MATRAK-CENK-SANATI.jpg\" \/>\n\t<meta property=\"og:image:width\" content=\"625\" \/>\n\t<meta property=\"og:image:height\" content=\"362\" \/>\n\t<meta property=\"og:image:type\" content=\"image\/jpeg\" \/>\n<meta name=\"twitter:card\" content=\"summary_large_image\" \/>\n<meta name=\"twitter:label1\" content=\"Tahmini okuma s\u00fcresi\" \/>\n\t<meta name=\"twitter:data1\" content=\"1 dakika\" \/>\n<script type=\"application\/ld+json\" class=\"yoast-schema-graph\">{\"@context\":\"https:\\\/\\\/schema.org\",\"@graph\":[{\"@type\":\"WebPage\",\"@id\":\"https:\\\/\\\/matrakfederasyonu.org\\\/?page_id=1573\",\"url\":\"https:\\\/\\\/matrakfederasyonu.org\\\/?page_id=1573\",\"name\":\"Prof. Dr. Hidayet I\u015f\u0131k ''\u0130slam Gelene\u011finde Tecdid \\\/ Yenileme ve Matrak \\\/ Cenk Sanat\u0131'' - MATRAK FEDERASYONU\",\"isPartOf\":{\"@id\":\"https:\\\/\\\/matrakfederasyonu.org\\\/#website\"},\"primaryImageOfPage\":{\"@id\":\"https:\\\/\\\/matrakfederasyonu.org\\\/?page_id=1573#primaryimage\"},\"image\":{\"@id\":\"https:\\\/\\\/matrakfederasyonu.org\\\/?page_id=1573#primaryimage\"},\"thumbnailUrl\":\"http:\\\/\\\/matrakfederasyonu.org\\\/wp-content\\\/uploads\\\/2025\\\/02\\\/PROF-DR-HIDAYET-ISIK-ISLAM-GELENEGINDE-TECDID-YENILEME-VE-MATRAK-CENK-SANATI.jpg\",\"datePublished\":\"2025-02-05T13:47:36+00:00\",\"dateModified\":\"2025-02-05T13:53:35+00:00\",\"breadcrumb\":{\"@id\":\"https:\\\/\\\/matrakfederasyonu.org\\\/?page_id=1573#breadcrumb\"},\"inLanguage\":\"tr\",\"potentialAction\":[{\"@type\":\"ReadAction\",\"target\":[\"https:\\\/\\\/matrakfederasyonu.org\\\/?page_id=1573\"]}]},{\"@type\":\"ImageObject\",\"inLanguage\":\"tr\",\"@id\":\"https:\\\/\\\/matrakfederasyonu.org\\\/?page_id=1573#primaryimage\",\"url\":\"http:\\\/\\\/matrakfederasyonu.org\\\/wp-content\\\/uploads\\\/2025\\\/02\\\/PROF-DR-HIDAYET-ISIK-ISLAM-GELENEGINDE-TECDID-YENILEME-VE-MATRAK-CENK-SANATI.jpg\",\"contentUrl\":\"http:\\\/\\\/matrakfederasyonu.org\\\/wp-content\\\/uploads\\\/2025\\\/02\\\/PROF-DR-HIDAYET-ISIK-ISLAM-GELENEGINDE-TECDID-YENILEME-VE-MATRAK-CENK-SANATI.jpg\",\"width\":625,\"height\":362,\"caption\":\"CREATOR: gd-jpeg v1.0 (using IJG JPEG v80), quality = 80\"},{\"@type\":\"BreadcrumbList\",\"@id\":\"https:\\\/\\\/matrakfederasyonu.org\\\/?page_id=1573#breadcrumb\",\"itemListElement\":[{\"@type\":\"ListItem\",\"position\":1,\"name\":\"Anasayfa\",\"item\":\"https:\\\/\\\/matrakfederasyonu.org\\\/\"},{\"@type\":\"ListItem\",\"position\":2,\"name\":\"Prof. Dr. Hidayet I\u015f\u0131k &#8221;\u0130slam Gelene\u011finde Tecdid \\\/ Yenileme ve Matrak \\\/ Cenk Sanat\u0131&#8221;\"}]},{\"@type\":\"WebSite\",\"@id\":\"https:\\\/\\\/matrakfederasyonu.org\\\/#website\",\"url\":\"https:\\\/\\\/matrakfederasyonu.org\\\/\",\"name\":\"MATRAK FEDERASYONU\",\"description\":\"SULTANLARIN SPORU YEN\u0130\u00c7ER\u0130LER\u0130N CENK SANATI\",\"publisher\":{\"@id\":\"https:\\\/\\\/matrakfederasyonu.org\\\/#organization\"},\"potentialAction\":[{\"@type\":\"SearchAction\",\"target\":{\"@type\":\"EntryPoint\",\"urlTemplate\":\"https:\\\/\\\/matrakfederasyonu.org\\\/?s={search_term_string}\"},\"query-input\":{\"@type\":\"PropertyValueSpecification\",\"valueRequired\":true,\"valueName\":\"search_term_string\"}}],\"inLanguage\":\"tr\"},{\"@type\":\"Organization\",\"@id\":\"https:\\\/\\\/matrakfederasyonu.org\\\/#organization\",\"name\":\"MATRAK FEDERASYONU\",\"url\":\"https:\\\/\\\/matrakfederasyonu.org\\\/\",\"logo\":{\"@type\":\"ImageObject\",\"inLanguage\":\"tr\",\"@id\":\"https:\\\/\\\/matrakfederasyonu.org\\\/#\\\/schema\\\/logo\\\/image\\\/\",\"url\":\"http:\\\/\\\/matrakfederasyonu.org\\\/wp-content\\\/uploads\\\/2022\\\/11\\\/cropped-cropped-MATRAK-FEDERASYONU-LOGO-2-1.png\",\"contentUrl\":\"http:\\\/\\\/matrakfederasyonu.org\\\/wp-content\\\/uploads\\\/2022\\\/11\\\/cropped-cropped-MATRAK-FEDERASYONU-LOGO-2-1.png\",\"width\":864,\"height\":774,\"caption\":\"MATRAK FEDERASYONU \"},\"image\":{\"@id\":\"https:\\\/\\\/matrakfederasyonu.org\\\/#\\\/schema\\\/logo\\\/image\\\/\"}}]}<\/script>\n<!-- \/ Yoast SEO plugin. -->","yoast_head_json":{"title":"Prof. Dr. Hidayet I\u015f\u0131k ''\u0130slam Gelene\u011finde Tecdid \/ Yenileme ve Matrak \/ Cenk Sanat\u0131'' - MATRAK FEDERASYONU","robots":{"index":"index","follow":"follow","max-snippet":"max-snippet:-1","max-image-preview":"max-image-preview:large","max-video-preview":"max-video-preview:-1"},"canonical":"https:\/\/matrakfederasyonu.org\/?page_id=1573","og_locale":"tr_TR","og_type":"article","og_title":"Prof. Dr. Hidayet I\u015f\u0131k ''\u0130slam Gelene\u011finde Tecdid \/ Yenileme ve Matrak \/ Cenk Sanat\u0131'' - MATRAK FEDERASYONU","og_url":"https:\/\/matrakfederasyonu.org\/?page_id=1573","og_site_name":"MATRAK FEDERASYONU","article_modified_time":"2025-02-05T13:53:35+00:00","og_image":[{"width":625,"height":362,"url":"https:\/\/matrakfederasyonu.org\/wp-content\/uploads\/2025\/02\/PROF-DR-HIDAYET-ISIK-ISLAM-GELENEGINDE-TECDID-YENILEME-VE-MATRAK-CENK-SANATI.jpg","type":"image\/jpeg"}],"twitter_card":"summary_large_image","twitter_misc":{"Tahmini okuma s\u00fcresi":"1 dakika"},"schema":{"@context":"https:\/\/schema.org","@graph":[{"@type":"WebPage","@id":"https:\/\/matrakfederasyonu.org\/?page_id=1573","url":"https:\/\/matrakfederasyonu.org\/?page_id=1573","name":"Prof. Dr. Hidayet I\u015f\u0131k ''\u0130slam Gelene\u011finde Tecdid \/ Yenileme ve Matrak \/ Cenk Sanat\u0131'' - MATRAK FEDERASYONU","isPartOf":{"@id":"https:\/\/matrakfederasyonu.org\/#website"},"primaryImageOfPage":{"@id":"https:\/\/matrakfederasyonu.org\/?page_id=1573#primaryimage"},"image":{"@id":"https:\/\/matrakfederasyonu.org\/?page_id=1573#primaryimage"},"thumbnailUrl":"http:\/\/matrakfederasyonu.org\/wp-content\/uploads\/2025\/02\/PROF-DR-HIDAYET-ISIK-ISLAM-GELENEGINDE-TECDID-YENILEME-VE-MATRAK-CENK-SANATI.jpg","datePublished":"2025-02-05T13:47:36+00:00","dateModified":"2025-02-05T13:53:35+00:00","breadcrumb":{"@id":"https:\/\/matrakfederasyonu.org\/?page_id=1573#breadcrumb"},"inLanguage":"tr","potentialAction":[{"@type":"ReadAction","target":["https:\/\/matrakfederasyonu.org\/?page_id=1573"]}]},{"@type":"ImageObject","inLanguage":"tr","@id":"https:\/\/matrakfederasyonu.org\/?page_id=1573#primaryimage","url":"http:\/\/matrakfederasyonu.org\/wp-content\/uploads\/2025\/02\/PROF-DR-HIDAYET-ISIK-ISLAM-GELENEGINDE-TECDID-YENILEME-VE-MATRAK-CENK-SANATI.jpg","contentUrl":"http:\/\/matrakfederasyonu.org\/wp-content\/uploads\/2025\/02\/PROF-DR-HIDAYET-ISIK-ISLAM-GELENEGINDE-TECDID-YENILEME-VE-MATRAK-CENK-SANATI.jpg","width":625,"height":362,"caption":"CREATOR: gd-jpeg v1.0 (using IJG JPEG v80), quality = 80"},{"@type":"BreadcrumbList","@id":"https:\/\/matrakfederasyonu.org\/?page_id=1573#breadcrumb","itemListElement":[{"@type":"ListItem","position":1,"name":"Anasayfa","item":"https:\/\/matrakfederasyonu.org\/"},{"@type":"ListItem","position":2,"name":"Prof. Dr. Hidayet I\u015f\u0131k &#8221;\u0130slam Gelene\u011finde Tecdid \/ Yenileme ve Matrak \/ Cenk Sanat\u0131&#8221;"}]},{"@type":"WebSite","@id":"https:\/\/matrakfederasyonu.org\/#website","url":"https:\/\/matrakfederasyonu.org\/","name":"MATRAK FEDERASYONU","description":"SULTANLARIN SPORU YEN\u0130\u00c7ER\u0130LER\u0130N CENK SANATI","publisher":{"@id":"https:\/\/matrakfederasyonu.org\/#organization"},"potentialAction":[{"@type":"SearchAction","target":{"@type":"EntryPoint","urlTemplate":"https:\/\/matrakfederasyonu.org\/?s={search_term_string}"},"query-input":{"@type":"PropertyValueSpecification","valueRequired":true,"valueName":"search_term_string"}}],"inLanguage":"tr"},{"@type":"Organization","@id":"https:\/\/matrakfederasyonu.org\/#organization","name":"MATRAK FEDERASYONU","url":"https:\/\/matrakfederasyonu.org\/","logo":{"@type":"ImageObject","inLanguage":"tr","@id":"https:\/\/matrakfederasyonu.org\/#\/schema\/logo\/image\/","url":"http:\/\/matrakfederasyonu.org\/wp-content\/uploads\/2022\/11\/cropped-cropped-MATRAK-FEDERASYONU-LOGO-2-1.png","contentUrl":"http:\/\/matrakfederasyonu.org\/wp-content\/uploads\/2022\/11\/cropped-cropped-MATRAK-FEDERASYONU-LOGO-2-1.png","width":864,"height":774,"caption":"MATRAK FEDERASYONU "},"image":{"@id":"https:\/\/matrakfederasyonu.org\/#\/schema\/logo\/image\/"}}]}},"_links":{"self":[{"href":"http:\/\/matrakfederasyonu.org\/index.php?rest_route=\/wp\/v2\/pages\/1573","targetHints":{"allow":["GET"]}}],"collection":[{"href":"http:\/\/matrakfederasyonu.org\/index.php?rest_route=\/wp\/v2\/pages"}],"about":[{"href":"http:\/\/matrakfederasyonu.org\/index.php?rest_route=\/wp\/v2\/types\/page"}],"author":[{"embeddable":true,"href":"http:\/\/matrakfederasyonu.org\/index.php?rest_route=\/wp\/v2\/users\/1"}],"replies":[{"embeddable":true,"href":"http:\/\/matrakfederasyonu.org\/index.php?rest_route=%2Fwp%2Fv2%2Fcomments&post=1573"}],"version-history":[{"count":2,"href":"http:\/\/matrakfederasyonu.org\/index.php?rest_route=\/wp\/v2\/pages\/1573\/revisions"}],"predecessor-version":[{"id":1578,"href":"http:\/\/matrakfederasyonu.org\/index.php?rest_route=\/wp\/v2\/pages\/1573\/revisions\/1578"}],"wp:featuredmedia":[{"embeddable":true,"href":"http:\/\/matrakfederasyonu.org\/index.php?rest_route=\/wp\/v2\/media\/1574"}],"wp:attachment":[{"href":"http:\/\/matrakfederasyonu.org\/index.php?rest_route=%2Fwp%2Fv2%2Fmedia&parent=1573"}],"curies":[{"name":"wp","href":"https:\/\/api.w.org\/{rel}","templated":true}]}}