{"id":209,"date":"2022-11-09T11:49:05","date_gmt":"2022-11-09T11:49:05","guid":{"rendered":"http:\/\/matrakfederasyonu.org\/?page_id=209"},"modified":"2022-11-09T11:49:06","modified_gmt":"2022-11-09T11:49:06","slug":"francais","status":"publish","type":"page","link":"http:\/\/matrakfederasyonu.org\/?page_id=209","title":{"rendered":"FRAN\u00c7A\u0130S"},"content":{"rendered":"\n<p><br>Le Sport Turc Matrak<br>D\u00e9finition<br>Pendant toute leur histoire la pratique du sport des Turcs a \u00e9t\u00e9<br>en g\u00e9n\u00e9ral pour s\u2019entra\u00eener aux batailles et aux combats. Matrak<br>le sport traditionnel des anc\u00eatres Turcs a \u00e9t\u00e9 appris au monarque,<br>janissaires, sipahi et au peuple Ottoman par le fameux savant Turc<br>Matrak\u00e7i Nasuh (1480-1564) en tant qu\u2019art du combat et de la bataille<br>et a \u00e9t\u00e9 pratiqu\u00e9 pendant des si\u00e8cles. Matrak est un sport adopt\u00e9<br>comme une branche scientifique dans l\u2019histoire Turque. Mise \u00e0<br>part Matrak, il y a d\u2019autres sports Turcs oubli\u00e9s tels que le Tomak,<br>Tulum, Must Zen et Leked Kup, puis ces derniers ont \u00e9t\u00e9 reconstruits<br>ainsi que r\u00e9organis\u00e9s et remis en place conform\u00e9ment aux<br>r\u00e8gles et aux principes de sport de nos jours avec sa structure traditionnelle<br>sous le nom de Matrak par le Rechercheur Sportif Matrak\u00e7\u0131<br>Efkan \u00c7al\u0131\u015f le 05 septembre 2008. Mise \u00e0 part l\u2019\u00e9p\u00e9e Turque,<br>l\u2019\u00e9p\u00e9e Yatagan, l\u2019\u00e9p\u00e9e bouclier, et les autres armes de combat, le<br>sport Matrak contient aussi d\u2019autres formations sans armes et des<br>techniques de d\u00e9fense. La formation Matrak comprend ; 1- Les jeux<br>Matrak a) Matrak bouclier, b) Double Matrak, c) Bouclier \u00e9p\u00e9e bois,<br>d) Ep\u00e9e, e) Matrak \u00e0 cheval, f) Matrak sur fauteuil roulant, 2- Tomak,<br>3- Cenk (lutte en t\u00eate \u00e0 t\u00eate, Must Zen ; L\u2019art de la claque de<br>l\u2019Ottoman, Leked Kup ; L\u2019art du coup de pied de l\u2019Ottoman) 4- HIS<br>D\u00e9fense pour tous. En prenant pour base les bonnes moeurs qu\u2019il y<br>a dans la culture Turque, Matrak a pour but d\u2019\u00e9duquer des sportifs<br>courageux, vertueux, de bonne qualit\u00e9 et cultiv\u00e9.<br>Son histoire<br>Matrak a \u00e9t\u00e9 appris aux soldats Ottoman en ajoutant des nouvelles<br>techniques de jeu par Matrak\u00e7i Nasuh. Selon le r\u00e9cit de voyage de<br>Evliya Celebi Sultan Murad IV avait appris 70 techniques du Matrak.<br>Au XIX\u00e8me si\u00e8cle, apr\u00e8s les r\u00e9formes du service militaire de l\u2019Ottoman<br>l\u2019utilisation de l\u2019\u00e9p\u00e9e et l\u2019application de l\u2019exercice du combat<br>\u00e0 l\u2019ancienne a \u00e9t\u00e9 interdite (1826-Vaka-i Hayriye) et Matrak a \u00e9t\u00e9<br>oubli\u00e9. Matrak, Tomak, Cenk (Lutte en t\u00eate \u00e0 t\u00eate, Mu\u015ft Zen, Leked<br>Kup) ont fait parti de l\u2019entra\u00eenement quotidien des Janissaires, Sipahi,<br>et du peuple du palais de l\u2019Ottoman. La r\u00e9animation et le temps<br>d\u2019installation faite par Matrak\u00e7\u0131 Efkan \u00c7al\u0131\u015f ont \u00e9t\u00e9 contribu\u00e9s<br>par l\u2019Universit\u00e9 Gazi et l\u2019Universit\u00e9 Kirikkale avec les d\u00e9partements<br>de la Langue et Litt\u00e9rature de l\u2019Est, de l\u2019Histoire, de la Science de la<br>Folklore Turque et de l\u2019Education Physique. Avec sa nouvelle forme,<br>Matrak devient officiel en se rattachant \u00e0 la F\u00e9d\u00e9ration de Branche<br>des Sports Traditionnels Turcs en date du 15 juin 2010. Le premier<br>championnat de Turquie se f\u00fbt \u00e0 Ankara avec la participation de<br>115 sportifs de 5 villes le 24-25 d\u00e9cembre 2011. Le 9 janvier 2012,<br>La formation du Matrak a \u00e9t\u00e9 incluse dans le programme de formation<br>du Minist\u00e8re National de l\u2019Education de la Direction G\u00e9n\u00e9rale<br>d\u2019 \u00ab Apprendre le Long de la Vie \u00bb, et elle a d\u00e9but\u00e9 dans tous les<br>centres d\u2019\u00e9ducation publique.<br>Le mat\u00e9riel du Matrak<br>Le b\u00e2ton de Matrak, un bouclier en coussin mou, \u00ab Mi\u011ffer \u00bb un<br>protecteur de t\u00eate, \u00ab Aba \u00bb v\u00eatement de sportif, outil de Tomak, outil<br>de Tulum \u00ab K\u0131l\u0131\u00e7 \u00bb b\u00e2ton\/cimeterre avec la protection du format de<br>l\u2019\u00e9p\u00e9e Turque, \u00ab Z\u0131rh \u00bb protectrice du corps, \u00ab Kol\u00e7ak \u00bb protecteur<br>du genou et du pied, et des mat\u00e9riaux protecteurs de l\u2019aine.<br>Son utilit\u00e9<br>Les sportifs recevant la formation du Matrak apprennent la<br>culture Turque ainsi que les bonnes moeurs dans une progression<br>naturelle. Se socialisant avec une formation amusante, le d\u00e9veloppement<br>de la tactique et la cr\u00e9ation du jeu \u00e9tant dans la doctrine du<br>Matrak contribuent au d\u00e9veloppement du mental des sportifs. De<br>plus la coordination du nerf et du muscle du sportif se d\u00e9veloppe<br>et ceci a des cons\u00e9quences positives dans le d\u00e9veloppement du psychomoteur.<br>Avec les entra\u00eenements la force du muscle augmente<br>dans tout le corps du sportif, et mise \u00e0 part l\u2019\u00e9lasticit\u00e9 et la rapidit\u00e9,<br>les sportifs deviennent aussi combatifs.<br>Les r\u00e8gles de la comp\u00e9tition du Matrak<br>Les r\u00e8gles g\u00e9n\u00e9rales : L\u2019immatriculation du club, la licence, le<br>visa et le certificat de sant\u00e9 sont n\u00e9cessaires et contr\u00f4l\u00e9s avant la<br>comp\u00e9tition pour les sportifs y participant. Apr\u00e8s le dernier contr\u00f4le<br>des arbitres, dans tous les jeux les sportifs commencent par se<br>dire \u00ab Benimle Cenk Meydan\u0131na \u00c7\u0131kt\u0131\u011f\u0131n\u0131z \u0130\u00e7in Te\u015fekk\u00fcr Ederim. \u00bb<br>c\u2019est-\u00e0-dire \u00ab Je vous remercie d\u2019\u00eatre sur le terrain avec moi. \u00bb. Puis<br>\u00e0 la fin ils se disent \u00ab Kas\u0131tl\u0131 ve Kas\u0131ts\u0131z Hatalar\u0131mdan Dolay\u0131 \u00d6z\u00fcr<br>Dilerim. \u00bb, c\u2019est-\u00e0-dire \u00ab Je m\u2019excuse des fautes que j\u2019ai fait expr\u00e8s<br>et sans le vouloir. \u00bb. La comp\u00e9tition commence avec la commande<br>\u00ab Cenk \u00bb, commencez, et elle se termine par \u00ab Dur \u00bb, arr\u00eatez.<br>Les r\u00e8gles du Matrak et du Tomak. Les actions interdites ;<br>Les sportifs jouent \u00e0 deux jeux, le temps est r\u00e9gl\u00e9 selon leurs poids.<br>Le sportif qui gagne les deux jeux est le gagnant. En cas de match<br>nul un nouveau jeu se rejoue. Dans le jeu du Matrak bouclier le but<br>est de toucher la t\u00eate de son adversaire avec le Matrak. Tout attouchement<br>\u00e9quivaut \u00e0 un point. Il est interdit de toucher rudement.<br>Dans le jeu du bouclier d\u2019\u00e9p\u00e9e en bois et de l\u2019\u00e9p\u00e9e frapper\/sabrer<br>la t\u00eate vaut 3 points, frapper\/sabrer le corps en vaut 2, frapper\/<br>sabrer le bras et la jambe en vaut 1. Dans le jeu du Tomak la frappe<br>sur le dos vaut 1 point. La frappe en dehors du dos ne rapporte<br>pas de points. Il est interdit de frapper l\u2019adversaire avec le bouclier,<br>d\u2019autres outils de jeu, ou encore de frapper l\u2019adversaire ayant fait<br>tomb\u00e9 son outil de d\u00e9fense. Pendant la comp\u00e9tition il est interdit<br>de faire tomber ses outils de jeu et de d\u00e9fense consciemment. Il est<br>\u00e9galement interdit de donner un coup de t\u00eate, une claque, un coup<br>de poing, un coup de pied, un coup de genou, et de d\u2019escamoter les<br>techniques du Cenk.<br>Les r\u00e8gles du Cenk. Les actions interdites ; le but du Cenk est<br>de flancher l\u2019adversaire en utilisant les techniques de main de Mu\u015ft<br>Zen, et les technique de pied de Leked Kup, mais aussi avec les techniques<br>de la lutte en t\u00eate \u00e0 t\u00eate sans nuire \u00e0 sa sant\u00e9. Dans le jeu<br>du Cenk celui qui flanche son adversaire dans le temps indiqu\u00e9 par<br>rapport au poids gagne le jeu. En cas de match nul, un jeu d\u2019un temps<br>pr\u00e9cis\u00e9 par rapport aux points se refait. Un coup sur la t\u00eate ou<br>sur le corps fait avec la technique du pied d\u2019une fa\u00e7on nette et active<br>sur l\u2019adversaire vaut 1 point. Un coup sur la t\u00eate avec la technique<br>du derri\u00e8re en vaut 3. A condition que les techniques d\u2019escamote se<br>font clairement et nettement ; la chute de l\u2019adversaire \u00e0 plat ventre<br>vaut 2 points, sur les c\u00f4t\u00e9s en vaut aussi 2, et sur le dos en vaut 3.<br>Apr\u00e8s les deux jeux, en cas de match nul, un jeu o\u00f9 le premier ayant<br>eu le premier match se refait. Il est interdit de frapper son adversaire<br>d\u2019o\u00f9 il peut avoir un handicap (le dos, l\u2019aine, le genou). Il est<br>interdit de serrer le cou de son adversaire avec une seule main ou<br>les deux. Il est \u00e9galement interdit de frapper son adversaire \u00e9tant<br>au sol, que l\u2019adversaire \u00e9tant au sol frappe celui \u00e9tant debout, de<br>griffer, d\u2019escamoter son adversaire de fa\u00e7on que sa t\u00eate vienne au<br>sol. Pour les femmes, il n\u2019y a pas de lutte \u00e0 terre au Cenk. Pour les<br>comp\u00e9titions de celles-ci les points sont comme ceux indiqu\u00e9s dans<br>la rubrique (c).<br>La p\u00e9nalisation : Il est interdit que le sportif ou bien les entra\u00eeneurs<br>continuent malgr\u00e9 l\u2019avertissement d\u2019arr\u00eat de l\u2019arbitre,<br>se disputent avec lui, et interviennent \u00e0 l\u2019arbitre du milieu ou les<br>arbitres comptant les points. Il est interdit de sortir ou de quitter<br>souvent le terrain. Il est interdit qu\u2019\u00e0 la fin du jeu le gagnant montre<br>de mani\u00e8re abusive sa joie, et que le perdant sa tristesse. Un sportif<br>faisant des actions interdites aura une remarque et un avertissement.<br>Il sera disqualifi\u00e9 apr\u00e8s 3 remarques. Si il est remarqu\u00e9 que<br>le sportif fait les actions interdites consciemment il sera disqualifi\u00e9.<br>Toute action indigne \u00e0 un sportif est interdite. Dans ces cas-l\u00e0, dans<br>le cadre du r\u00e8glement il y aurait une sanction au sportif ainsi qu\u2019\u00e0<br>l\u2019entra\u00eeneur.<br>Le poids et le temps de comp\u00e9tition : Voici le poids et le temps<br>de p\u00e9tition du Matrak : La classe des petits : groupe de 9-12 ans.<br>Le temps de jeu du Matrak et du Tomak pour les petits est 2 jeux<br>de 2 minutes. Et au Cenk un jeu seulement, de 3 minutes. La classe<br>des \u00e9toiles : groupe de 13-15 ans. Le temps de jeu du Matrak et du<br>Tomak pour les \u00e9toiles est 2 jeux de 2 minutes. Et au Cenk un jeu<br>seulement, de 3 minutes. La classe des jeunes : groupe de 16-19<br>ans. Le temps de jeu du Matrak et du Tomak pour les jeunes est 2<br>jeux de 2 minutes. Et au Cenk un jeu seulement, de 5 minutes. La<br>classe des grands : groupe des plus de 19 ans. Le temps de jeu du<br>Matrak et du Tomak pour les grands est 2 jeux de 2 minutes. Et au<br>Cenk un jeu seulement, de 5 minutes. Le jeu du Tomak qui se fera<br>aux mariages \u00e0 la campagne les participants auront plus de 16 ans.<br>Le jeu du Tomak sera de 2 jeux de 2 minutes.<br>Le terrain du combat<br>Tous les jeux du Matrak se font les mois d\u2019\u00e9t\u00e9 sur un terrain de<br>gazon. Le diam\u00e8tre de cette surface est de 7 m\u00e8tres \u00e0 l\u2019int\u00e9rieur du<br>cercle et de 9 m\u00e8tres \u00e0 l\u2019ext\u00e9rieur. Dans le cercle ext\u00e9rieur il y a une surface de protection de 1,5 m\u00e8tre. Sur le terrain de gazon les limites sont pr\u00e9cis\u00e9es par des \u00e9paisses lignes blanches. Au tour du stade, il y a des tentes traditionnelles afin que les sportifs puissent se pr\u00e9parer, se changer et attendre. L\u2019hiver Matrak se fait dans une salle de sport, sur un tapis de Matrak. Le tapis est de 8\u00d78 ou 10\u00d710 m\u00e8tres carr\u00e9 et \u00e0 la partie ext\u00e9rieure un m\u00e8tre carr\u00e9 du tapis est color\u00e9.<br>L\u2019hymne Cenk<br>Dans toutes les p\u00e9titions sans la troubler l\u2019hymne Mehter ou bien avec le rythme du tambour es hymnes traditionnelles sont jou\u00e9s.<br>Les arbitres<br>Pendant les p\u00e9titions de Matrak ou de Tomak il y a un arbitre, et deux arbitres compteur de points sur le terrain de Cenk (combat). A la p\u00e9tiion de Cenk, il y a un arbitre, et trois arbitres compteur de points sur le terrain. Les arbitres de table ; un arbitre de fixation, un arbitre de temps, un arbitre d\u2019annonce prennent place. Pour chaque tapis il y a une \u00e9quipe d\u2019arbitre et une table form\u00e9e.<\/p>\n","protected":false},"excerpt":{"rendered":"<p>Le Sport Turc MatrakD\u00e9finitionPendant toute leur histoire la pratique du sport des Turcs a \u00e9t\u00e9en g\u00e9n\u00e9ral pour s\u2019entra\u00eener aux batailles et aux combats. Matrakle sport traditionnel des anc\u00eatres Turcs a \u00e9t\u00e9 appris au monarque,janissaires, sipahi et au peuple Ottoman par le fameux savant TurcMatrak\u00e7i Nasuh (1480-1564) en tant qu\u2019art du combat et de la batailleet a \u00e9t\u00e9 pratiqu\u00e9 pendant des si\u00e8cles. Matrak est un sport adopt\u00e9comme une branche scientifique dans l\u2019histoire Turque. Mise \u00e0part Matrak, il y a d\u2019autres sports Turcs oubli\u00e9s tels que le Tomak,Tulum, Must Zen et Leked Kup, puis ces derniers ont \u00e9t\u00e9 reconstruitsainsi que r\u00e9organis\u00e9s et remis en place&hellip;<\/p>\n","protected":false},"author":1,"featured_media":0,"parent":190,"menu_order":3,"comment_status":"closed","ping_status":"closed","template":"","meta":{"footnotes":""},"class_list":["post-209","page","type-page","status-publish","hentry"],"yoast_head":"<!-- This site is optimized with the Yoast SEO plugin v27.4 - https:\/\/yoast.com\/product\/yoast-seo-wordpress\/ -->\n<title>FRAN\u00c7A\u0130S - MATRAK FEDERASYONU<\/title>\n<meta name=\"robots\" content=\"index, follow, max-snippet:-1, max-image-preview:large, max-video-preview:-1\" \/>\n<link rel=\"canonical\" href=\"https:\/\/matrakfederasyonu.org\/?page_id=209\" \/>\n<meta property=\"og:locale\" content=\"tr_TR\" \/>\n<meta property=\"og:type\" content=\"article\" \/>\n<meta property=\"og:title\" content=\"FRAN\u00c7A\u0130S - MATRAK FEDERASYONU\" \/>\n<meta property=\"og:description\" content=\"Le Sport Turc MatrakD\u00e9finitionPendant toute leur histoire la pratique du sport des Turcs a \u00e9t\u00e9en g\u00e9n\u00e9ral pour s\u2019entra\u00eener aux batailles et aux combats. Matrakle sport traditionnel des anc\u00eatres Turcs a \u00e9t\u00e9 appris au monarque,janissaires, sipahi et au peuple Ottoman par le fameux savant TurcMatrak\u00e7i Nasuh (1480-1564) en tant qu\u2019art du combat et de la batailleet a \u00e9t\u00e9 pratiqu\u00e9 pendant des si\u00e8cles. Matrak est un sport adopt\u00e9comme une branche scientifique dans l\u2019histoire Turque. Mise \u00e0part Matrak, il y a d\u2019autres sports Turcs oubli\u00e9s tels que le Tomak,Tulum, Must Zen et Leked Kup, puis ces derniers ont \u00e9t\u00e9 reconstruitsainsi que r\u00e9organis\u00e9s et remis en place&hellip;\" \/>\n<meta property=\"og:url\" content=\"https:\/\/matrakfederasyonu.org\/?page_id=209\" \/>\n<meta property=\"og:site_name\" content=\"MATRAK FEDERASYONU\" \/>\n<meta property=\"article:modified_time\" content=\"2022-11-09T11:49:06+00:00\" \/>\n<meta name=\"twitter:card\" content=\"summary_large_image\" \/>\n<meta name=\"twitter:label1\" content=\"Tahmini okuma s\u00fcresi\" \/>\n\t<meta name=\"twitter:data1\" content=\"9 dakika\" \/>\n<script type=\"application\/ld+json\" class=\"yoast-schema-graph\">{\"@context\":\"https:\\\/\\\/schema.org\",\"@graph\":[{\"@type\":\"WebPage\",\"@id\":\"https:\\\/\\\/matrakfederasyonu.org\\\/?page_id=209\",\"url\":\"https:\\\/\\\/matrakfederasyonu.org\\\/?page_id=209\",\"name\":\"FRAN\u00c7A\u0130S - MATRAK FEDERASYONU\",\"isPartOf\":{\"@id\":\"https:\\\/\\\/matrakfederasyonu.org\\\/#website\"},\"datePublished\":\"2022-11-09T11:49:05+00:00\",\"dateModified\":\"2022-11-09T11:49:06+00:00\",\"breadcrumb\":{\"@id\":\"https:\\\/\\\/matrakfederasyonu.org\\\/?page_id=209#breadcrumb\"},\"inLanguage\":\"tr\",\"potentialAction\":[{\"@type\":\"ReadAction\",\"target\":[\"https:\\\/\\\/matrakfederasyonu.org\\\/?page_id=209\"]}]},{\"@type\":\"BreadcrumbList\",\"@id\":\"https:\\\/\\\/matrakfederasyonu.org\\\/?page_id=209#breadcrumb\",\"itemListElement\":[{\"@type\":\"ListItem\",\"position\":1,\"name\":\"Anasayfa\",\"item\":\"https:\\\/\\\/matrakfederasyonu.org\\\/\"},{\"@type\":\"ListItem\",\"position\":2,\"name\":\"International Articles\",\"item\":\"http:\\\/\\\/matrakfederasyonu.org\\\/?page_id=190\"},{\"@type\":\"ListItem\",\"position\":3,\"name\":\"FRAN\u00c7A\u0130S\"}]},{\"@type\":\"WebSite\",\"@id\":\"https:\\\/\\\/matrakfederasyonu.org\\\/#website\",\"url\":\"https:\\\/\\\/matrakfederasyonu.org\\\/\",\"name\":\"MATRAK FEDERASYONU\",\"description\":\"SULTANLARIN SPORU YEN\u0130\u00c7ER\u0130LER\u0130N CENK SANATI\",\"publisher\":{\"@id\":\"https:\\\/\\\/matrakfederasyonu.org\\\/#organization\"},\"potentialAction\":[{\"@type\":\"SearchAction\",\"target\":{\"@type\":\"EntryPoint\",\"urlTemplate\":\"https:\\\/\\\/matrakfederasyonu.org\\\/?s={search_term_string}\"},\"query-input\":{\"@type\":\"PropertyValueSpecification\",\"valueRequired\":true,\"valueName\":\"search_term_string\"}}],\"inLanguage\":\"tr\"},{\"@type\":\"Organization\",\"@id\":\"https:\\\/\\\/matrakfederasyonu.org\\\/#organization\",\"name\":\"MATRAK FEDERASYONU\",\"url\":\"https:\\\/\\\/matrakfederasyonu.org\\\/\",\"logo\":{\"@type\":\"ImageObject\",\"inLanguage\":\"tr\",\"@id\":\"https:\\\/\\\/matrakfederasyonu.org\\\/#\\\/schema\\\/logo\\\/image\\\/\",\"url\":\"http:\\\/\\\/matrakfederasyonu.org\\\/wp-content\\\/uploads\\\/2022\\\/11\\\/cropped-cropped-MATRAK-FEDERASYONU-LOGO-2-1.png\",\"contentUrl\":\"http:\\\/\\\/matrakfederasyonu.org\\\/wp-content\\\/uploads\\\/2022\\\/11\\\/cropped-cropped-MATRAK-FEDERASYONU-LOGO-2-1.png\",\"width\":864,\"height\":774,\"caption\":\"MATRAK FEDERASYONU \"},\"image\":{\"@id\":\"https:\\\/\\\/matrakfederasyonu.org\\\/#\\\/schema\\\/logo\\\/image\\\/\"}}]}<\/script>\n<!-- \/ Yoast SEO plugin. -->","yoast_head_json":{"title":"FRAN\u00c7A\u0130S - MATRAK FEDERASYONU","robots":{"index":"index","follow":"follow","max-snippet":"max-snippet:-1","max-image-preview":"max-image-preview:large","max-video-preview":"max-video-preview:-1"},"canonical":"https:\/\/matrakfederasyonu.org\/?page_id=209","og_locale":"tr_TR","og_type":"article","og_title":"FRAN\u00c7A\u0130S - MATRAK FEDERASYONU","og_description":"Le Sport Turc MatrakD\u00e9finitionPendant toute leur histoire la pratique du sport des Turcs a \u00e9t\u00e9en g\u00e9n\u00e9ral pour s\u2019entra\u00eener aux batailles et aux combats. Matrakle sport traditionnel des anc\u00eatres Turcs a \u00e9t\u00e9 appris au monarque,janissaires, sipahi et au peuple Ottoman par le fameux savant TurcMatrak\u00e7i Nasuh (1480-1564) en tant qu\u2019art du combat et de la batailleet a \u00e9t\u00e9 pratiqu\u00e9 pendant des si\u00e8cles. Matrak est un sport adopt\u00e9comme une branche scientifique dans l\u2019histoire Turque. Mise \u00e0part Matrak, il y a d\u2019autres sports Turcs oubli\u00e9s tels que le Tomak,Tulum, Must Zen et Leked Kup, puis ces derniers ont \u00e9t\u00e9 reconstruitsainsi que r\u00e9organis\u00e9s et remis en place&hellip;","og_url":"https:\/\/matrakfederasyonu.org\/?page_id=209","og_site_name":"MATRAK FEDERASYONU","article_modified_time":"2022-11-09T11:49:06+00:00","twitter_card":"summary_large_image","twitter_misc":{"Tahmini okuma s\u00fcresi":"9 dakika"},"schema":{"@context":"https:\/\/schema.org","@graph":[{"@type":"WebPage","@id":"https:\/\/matrakfederasyonu.org\/?page_id=209","url":"https:\/\/matrakfederasyonu.org\/?page_id=209","name":"FRAN\u00c7A\u0130S - MATRAK FEDERASYONU","isPartOf":{"@id":"https:\/\/matrakfederasyonu.org\/#website"},"datePublished":"2022-11-09T11:49:05+00:00","dateModified":"2022-11-09T11:49:06+00:00","breadcrumb":{"@id":"https:\/\/matrakfederasyonu.org\/?page_id=209#breadcrumb"},"inLanguage":"tr","potentialAction":[{"@type":"ReadAction","target":["https:\/\/matrakfederasyonu.org\/?page_id=209"]}]},{"@type":"BreadcrumbList","@id":"https:\/\/matrakfederasyonu.org\/?page_id=209#breadcrumb","itemListElement":[{"@type":"ListItem","position":1,"name":"Anasayfa","item":"https:\/\/matrakfederasyonu.org\/"},{"@type":"ListItem","position":2,"name":"International Articles","item":"http:\/\/matrakfederasyonu.org\/?page_id=190"},{"@type":"ListItem","position":3,"name":"FRAN\u00c7A\u0130S"}]},{"@type":"WebSite","@id":"https:\/\/matrakfederasyonu.org\/#website","url":"https:\/\/matrakfederasyonu.org\/","name":"MATRAK FEDERASYONU","description":"SULTANLARIN SPORU YEN\u0130\u00c7ER\u0130LER\u0130N CENK SANATI","publisher":{"@id":"https:\/\/matrakfederasyonu.org\/#organization"},"potentialAction":[{"@type":"SearchAction","target":{"@type":"EntryPoint","urlTemplate":"https:\/\/matrakfederasyonu.org\/?s={search_term_string}"},"query-input":{"@type":"PropertyValueSpecification","valueRequired":true,"valueName":"search_term_string"}}],"inLanguage":"tr"},{"@type":"Organization","@id":"https:\/\/matrakfederasyonu.org\/#organization","name":"MATRAK FEDERASYONU","url":"https:\/\/matrakfederasyonu.org\/","logo":{"@type":"ImageObject","inLanguage":"tr","@id":"https:\/\/matrakfederasyonu.org\/#\/schema\/logo\/image\/","url":"http:\/\/matrakfederasyonu.org\/wp-content\/uploads\/2022\/11\/cropped-cropped-MATRAK-FEDERASYONU-LOGO-2-1.png","contentUrl":"http:\/\/matrakfederasyonu.org\/wp-content\/uploads\/2022\/11\/cropped-cropped-MATRAK-FEDERASYONU-LOGO-2-1.png","width":864,"height":774,"caption":"MATRAK FEDERASYONU "},"image":{"@id":"https:\/\/matrakfederasyonu.org\/#\/schema\/logo\/image\/"}}]}},"_links":{"self":[{"href":"http:\/\/matrakfederasyonu.org\/index.php?rest_route=\/wp\/v2\/pages\/209","targetHints":{"allow":["GET"]}}],"collection":[{"href":"http:\/\/matrakfederasyonu.org\/index.php?rest_route=\/wp\/v2\/pages"}],"about":[{"href":"http:\/\/matrakfederasyonu.org\/index.php?rest_route=\/wp\/v2\/types\/page"}],"author":[{"embeddable":true,"href":"http:\/\/matrakfederasyonu.org\/index.php?rest_route=\/wp\/v2\/users\/1"}],"replies":[{"embeddable":true,"href":"http:\/\/matrakfederasyonu.org\/index.php?rest_route=%2Fwp%2Fv2%2Fcomments&post=209"}],"version-history":[{"count":1,"href":"http:\/\/matrakfederasyonu.org\/index.php?rest_route=\/wp\/v2\/pages\/209\/revisions"}],"predecessor-version":[{"id":210,"href":"http:\/\/matrakfederasyonu.org\/index.php?rest_route=\/wp\/v2\/pages\/209\/revisions\/210"}],"up":[{"embeddable":true,"href":"http:\/\/matrakfederasyonu.org\/index.php?rest_route=\/wp\/v2\/pages\/190"}],"wp:attachment":[{"href":"http:\/\/matrakfederasyonu.org\/index.php?rest_route=%2Fwp%2Fv2%2Fmedia&parent=209"}],"curies":[{"name":"wp","href":"https:\/\/api.w.org\/{rel}","templated":true}]}}