{"id":215,"date":"2022-11-09T11:56:25","date_gmt":"2022-11-09T11:56:25","guid":{"rendered":"http:\/\/matrakfederasyonu.org\/?page_id=215"},"modified":"2025-02-27T16:26:47","modified_gmt":"2025-02-27T16:26:47","slug":"federasyon-baskani","status":"publish","type":"page","link":"http:\/\/matrakfederasyonu.org\/?page_id=215","title":{"rendered":"Federasyon Ba\u015fkan\u0131"},"content":{"rendered":"\n<p><strong>Efkan \u00c7ALI\u015e<\/strong><\/p>\n\n\n\n<p><strong>Cenk Sanat\u0131 Matrak Sporu Kurucusu<\/strong><\/p>\n\n\n\n<p><strong>Osmanl\u0131 Cenk Sanat\u0131 Matrak Kitab\u0131 Yazar\u0131<\/strong><\/p>\n\n\n\n<p><strong>Matrak Federasyonu Ba\u015fkan\u0131<\/strong><\/p>\n\n\n\n<p><strong>Ata SporLar\u0131 Konfederasyonu Ba\u015fkan Yard\u0131mc\u0131s\u0131<\/strong><\/p>\n\n\n<div class=\"wp-block-image\">\n<figure class=\"alignleft size-full\"><img loading=\"lazy\" decoding=\"async\" width=\"253\" height=\"279\" src=\"http:\/\/matrakfederasyonu.org\/wp-content\/uploads\/2024\/05\/matrak-federasyonu-baskani-matrakci-efkan-calis.jpg\" alt=\"\" class=\"wp-image-508\"\/><\/figure>\n<\/div>\n\n\n<p>1973 y\u0131l\u0131nda Ankara\u2019da do\u011fan Efkan \u00c7al\u0131\u015f, Anadolu \u00dcniversitesi \u0130\u015fletme Lisans mezunudur.&nbsp; 1996-2023 y\u0131llar\u0131 aras\u0131nda \u00d6zel sekt\u00f6rde Turizm Otelcilik ve Di\u015f \u0130mplant\u0131 alanlar\u0131nda y\u00f6neticilik yapm\u0131\u015ft\u0131r. 1988 y\u0131l\u0131nda spor hayat\u0131na ba\u015flayan \u00c7al\u0131\u015f bir\u00e7ok m\u00fccadele ve savunma sanatlar\u0131nda sporcu ve antren\u00f6rl\u00fck yapt\u0131ktan sonra, 2001 y\u0131l\u0131ndan itibaren Osmanl\u0131 tarihinde Cenk Sanat\u0131 Matrak alan\u0131nda ara\u015ft\u0131rmalar\u0131n\u0131 derinle\u015ftirmi\u015f 2008 y\u0131l\u0131ndan itibaren unutulmu\u015f yok olmu\u015f kadim T\u00fcrk oyunlar\u0131 olan Matrak oyunu, Tomak oyunu, Tulum oyunu ve Cenk oyunu disiplinlerini g\u00fcn\u00fcm\u00fcz d\u00fcnyas\u0131 spor kural kaideleri ile e\u011fitim ve oyun disiplinlerini 3 ayr\u0131 \u00dcniversiteden Akademisyenlerden ald\u0131\u011f\u0131 destekle haz\u0131rlam\u0131\u015f ve spor olarak kurmu\u015ftur. Yapt\u0131\u011f\u0131 \u00e7al\u0131\u015fmalar 2020 y\u0131l\u0131nda K\u00fclt\u00fcr ve Turizm Bakanl\u0131\u011f\u0131nca Geleneksel Spor olarak ilan edilmi\u015ftir. YB2022.0060 no ile K\u00fclt\u00fcr ve Turizm Bakanl\u0131\u011f\u0131 Somut Olmayan K\u00fclt\u00fcrel Miras Ta\u015f\u0131y\u0131c\u0131s\u0131 unvan\u0131na sahiptir. &nbsp;Yurt i\u00e7i ve yurtd\u0131\u015f\u0131nda Matrak sporunu tan\u0131tm\u0131\u015f, e\u011fitimler vererek bilinirli\u011fini art\u0131rm\u0131\u015ft\u0131r. &nbsp;Alan\u0131nda ilk olan Osmanl\u0131 Cenk Sanat\u0131 Matrak adl\u0131 kitab\u0131n yazar\u0131d\u0131r. &nbsp;Uzman\u0131 oldu\u011fu alanda kurdu\u011fu STK\u2018larda uzun y\u0131llard\u0131r y\u00f6neticilik yapm\u0131\u015ft\u0131r. \u0130ngilizce bilen Efkan \u00c7al\u0131\u015f evli ve bir \u00e7ocuk babas\u0131d\u0131r.<\/p>\n\n\n\n<p><strong>Do\u011fum Tarihi ve Yeri :&nbsp;<\/strong>1973 &nbsp;\/ ANKARA<\/p>\n\n\n\n<p><strong>Mezun Oldu\u011fu Okul &nbsp;&nbsp; :&nbsp;<\/strong>Anadolu \u00dcniversitesi<\/p>\n\n\n\n<p><strong>\u00d6\u011frenim Durumu &nbsp;&nbsp;&nbsp;&nbsp;&nbsp;&nbsp; :&nbsp;<\/strong>Lisans<\/p>\n\n\n\n<p><strong>Telefon&nbsp; &nbsp; &nbsp; :&nbsp; &nbsp; <\/strong>&nbsp;05324515372<\/p>\n\n\n\n<p><strong>E &#8211; Posta&nbsp; &nbsp; :&nbsp; &nbsp;<\/strong> matrakoyunu@gmail.com<\/p>\n\n\n\n<p><strong>web          :<\/strong> <a href=\"http:\/\/www.matrak.gen.tr\">www.matrak.gen.tr<\/a><\/p>\n","protected":false},"excerpt":{"rendered":"<p>Efkan \u00c7ALI\u015e Cenk Sanat\u0131 Matrak Sporu Kurucusu Osmanl\u0131 Cenk Sanat\u0131 Matrak Kitab\u0131 Yazar\u0131 Matrak Federasyonu Ba\u015fkan\u0131 Ata SporLar\u0131 Konfederasyonu Ba\u015fkan Yard\u0131mc\u0131s\u0131 1973 y\u0131l\u0131nda Ankara\u2019da do\u011fan Efkan \u00c7al\u0131\u015f, Anadolu \u00dcniversitesi \u0130\u015fletme Lisans mezunudur.&nbsp; 1996-2023 y\u0131llar\u0131 aras\u0131nda \u00d6zel sekt\u00f6rde Turizm Otelcilik ve Di\u015f \u0130mplant\u0131 alanlar\u0131nda y\u00f6neticilik yapm\u0131\u015ft\u0131r. 1988 y\u0131l\u0131nda spor hayat\u0131na ba\u015flayan \u00c7al\u0131\u015f bir\u00e7ok m\u00fccadele ve savunma sanatlar\u0131nda sporcu ve antren\u00f6rl\u00fck yapt\u0131ktan sonra, 2001 y\u0131l\u0131ndan itibaren Osmanl\u0131 tarihinde Cenk Sanat\u0131 Matrak alan\u0131nda ara\u015ft\u0131rmalar\u0131n\u0131 derinle\u015ftirmi\u015f 2008 y\u0131l\u0131ndan itibaren unutulmu\u015f yok olmu\u015f kadim T\u00fcrk oyunlar\u0131 olan Matrak oyunu, Tomak oyunu, Tulum oyunu ve Cenk oyunu disiplinlerini g\u00fcn\u00fcm\u00fcz d\u00fcnyas\u0131 spor kural kaideleri ile e\u011fitim ve oyun disiplinlerini 3&hellip;<\/p>\n","protected":false},"author":1,"featured_media":0,"parent":0,"menu_order":0,"comment_status":"closed","ping_status":"closed","template":"","meta":{"footnotes":""},"class_list":["post-215","page","type-page","status-publish","hentry"],"yoast_head":"<!-- This site is optimized with the Yoast SEO plugin v27.4 - https:\/\/yoast.com\/product\/yoast-seo-wordpress\/ -->\n<title>Federasyon Ba\u015fkan\u0131 - MATRAK FEDERASYONU<\/title>\n<meta name=\"robots\" content=\"index, follow, max-snippet:-1, max-image-preview:large, max-video-preview:-1\" \/>\n<link rel=\"canonical\" href=\"https:\/\/matrakfederasyonu.org\/?page_id=215\" \/>\n<meta property=\"og:locale\" content=\"tr_TR\" \/>\n<meta property=\"og:type\" content=\"article\" \/>\n<meta property=\"og:title\" content=\"Federasyon Ba\u015fkan\u0131 - MATRAK FEDERASYONU\" \/>\n<meta property=\"og:description\" content=\"Efkan \u00c7ALI\u015e Cenk Sanat\u0131 Matrak Sporu Kurucusu Osmanl\u0131 Cenk Sanat\u0131 Matrak Kitab\u0131 Yazar\u0131 Matrak Federasyonu Ba\u015fkan\u0131 Ata SporLar\u0131 Konfederasyonu Ba\u015fkan Yard\u0131mc\u0131s\u0131 1973 y\u0131l\u0131nda Ankara\u2019da do\u011fan Efkan \u00c7al\u0131\u015f, Anadolu \u00dcniversitesi \u0130\u015fletme Lisans mezunudur.&nbsp; 1996-2023 y\u0131llar\u0131 aras\u0131nda \u00d6zel sekt\u00f6rde Turizm Otelcilik ve Di\u015f \u0130mplant\u0131 alanlar\u0131nda y\u00f6neticilik yapm\u0131\u015ft\u0131r. 1988 y\u0131l\u0131nda spor hayat\u0131na ba\u015flayan \u00c7al\u0131\u015f bir\u00e7ok m\u00fccadele ve savunma sanatlar\u0131nda sporcu ve antren\u00f6rl\u00fck yapt\u0131ktan sonra, 2001 y\u0131l\u0131ndan itibaren Osmanl\u0131 tarihinde Cenk Sanat\u0131 Matrak alan\u0131nda ara\u015ft\u0131rmalar\u0131n\u0131 derinle\u015ftirmi\u015f 2008 y\u0131l\u0131ndan itibaren unutulmu\u015f yok olmu\u015f kadim T\u00fcrk oyunlar\u0131 olan Matrak oyunu, Tomak oyunu, Tulum oyunu ve Cenk oyunu disiplinlerini g\u00fcn\u00fcm\u00fcz d\u00fcnyas\u0131 spor kural kaideleri ile e\u011fitim ve oyun disiplinlerini 3&hellip;\" \/>\n<meta property=\"og:url\" content=\"https:\/\/matrakfederasyonu.org\/?page_id=215\" \/>\n<meta property=\"og:site_name\" content=\"MATRAK FEDERASYONU\" \/>\n<meta property=\"article:modified_time\" content=\"2025-02-27T16:26:47+00:00\" \/>\n<meta property=\"og:image\" content=\"http:\/\/matrakfederasyonu.org\/wp-content\/uploads\/2024\/05\/matrak-federasyonu-baskani-matrakci-efkan-calis.jpg\" \/>\n<meta name=\"twitter:card\" content=\"summary_large_image\" \/>\n<meta name=\"twitter:label1\" content=\"Tahmini okuma s\u00fcresi\" \/>\n\t<meta name=\"twitter:data1\" content=\"2 dakika\" \/>\n<script type=\"application\/ld+json\" class=\"yoast-schema-graph\">{\"@context\":\"https:\\\/\\\/schema.org\",\"@graph\":[{\"@type\":\"WebPage\",\"@id\":\"https:\\\/\\\/matrakfederasyonu.org\\\/?page_id=215\",\"url\":\"https:\\\/\\\/matrakfederasyonu.org\\\/?page_id=215\",\"name\":\"Federasyon Ba\u015fkan\u0131 - MATRAK FEDERASYONU\",\"isPartOf\":{\"@id\":\"https:\\\/\\\/matrakfederasyonu.org\\\/#website\"},\"primaryImageOfPage\":{\"@id\":\"https:\\\/\\\/matrakfederasyonu.org\\\/?page_id=215#primaryimage\"},\"image\":{\"@id\":\"https:\\\/\\\/matrakfederasyonu.org\\\/?page_id=215#primaryimage\"},\"thumbnailUrl\":\"http:\\\/\\\/matrakfederasyonu.org\\\/wp-content\\\/uploads\\\/2024\\\/05\\\/matrak-federasyonu-baskani-matrakci-efkan-calis.jpg\",\"datePublished\":\"2022-11-09T11:56:25+00:00\",\"dateModified\":\"2025-02-27T16:26:47+00:00\",\"breadcrumb\":{\"@id\":\"https:\\\/\\\/matrakfederasyonu.org\\\/?page_id=215#breadcrumb\"},\"inLanguage\":\"tr\",\"potentialAction\":[{\"@type\":\"ReadAction\",\"target\":[\"https:\\\/\\\/matrakfederasyonu.org\\\/?page_id=215\"]}]},{\"@type\":\"ImageObject\",\"inLanguage\":\"tr\",\"@id\":\"https:\\\/\\\/matrakfederasyonu.org\\\/?page_id=215#primaryimage\",\"url\":\"http:\\\/\\\/matrakfederasyonu.org\\\/wp-content\\\/uploads\\\/2024\\\/05\\\/matrak-federasyonu-baskani-matrakci-efkan-calis.jpg\",\"contentUrl\":\"http:\\\/\\\/matrakfederasyonu.org\\\/wp-content\\\/uploads\\\/2024\\\/05\\\/matrak-federasyonu-baskani-matrakci-efkan-calis.jpg\",\"width\":253,\"height\":279},{\"@type\":\"BreadcrumbList\",\"@id\":\"https:\\\/\\\/matrakfederasyonu.org\\\/?page_id=215#breadcrumb\",\"itemListElement\":[{\"@type\":\"ListItem\",\"position\":1,\"name\":\"Anasayfa\",\"item\":\"https:\\\/\\\/matrakfederasyonu.org\\\/\"},{\"@type\":\"ListItem\",\"position\":2,\"name\":\"Federasyon Ba\u015fkan\u0131\"}]},{\"@type\":\"WebSite\",\"@id\":\"https:\\\/\\\/matrakfederasyonu.org\\\/#website\",\"url\":\"https:\\\/\\\/matrakfederasyonu.org\\\/\",\"name\":\"MATRAK FEDERASYONU\",\"description\":\"SULTANLARIN SPORU YEN\u0130\u00c7ER\u0130LER\u0130N CENK SANATI\",\"publisher\":{\"@id\":\"https:\\\/\\\/matrakfederasyonu.org\\\/#organization\"},\"potentialAction\":[{\"@type\":\"SearchAction\",\"target\":{\"@type\":\"EntryPoint\",\"urlTemplate\":\"https:\\\/\\\/matrakfederasyonu.org\\\/?s={search_term_string}\"},\"query-input\":{\"@type\":\"PropertyValueSpecification\",\"valueRequired\":true,\"valueName\":\"search_term_string\"}}],\"inLanguage\":\"tr\"},{\"@type\":\"Organization\",\"@id\":\"https:\\\/\\\/matrakfederasyonu.org\\\/#organization\",\"name\":\"MATRAK FEDERASYONU\",\"url\":\"https:\\\/\\\/matrakfederasyonu.org\\\/\",\"logo\":{\"@type\":\"ImageObject\",\"inLanguage\":\"tr\",\"@id\":\"https:\\\/\\\/matrakfederasyonu.org\\\/#\\\/schema\\\/logo\\\/image\\\/\",\"url\":\"http:\\\/\\\/matrakfederasyonu.org\\\/wp-content\\\/uploads\\\/2022\\\/11\\\/cropped-cropped-MATRAK-FEDERASYONU-LOGO-2-1.png\",\"contentUrl\":\"http:\\\/\\\/matrakfederasyonu.org\\\/wp-content\\\/uploads\\\/2022\\\/11\\\/cropped-cropped-MATRAK-FEDERASYONU-LOGO-2-1.png\",\"width\":864,\"height\":774,\"caption\":\"MATRAK FEDERASYONU \"},\"image\":{\"@id\":\"https:\\\/\\\/matrakfederasyonu.org\\\/#\\\/schema\\\/logo\\\/image\\\/\"}}]}<\/script>\n<!-- \/ Yoast SEO plugin. -->","yoast_head_json":{"title":"Federasyon Ba\u015fkan\u0131 - MATRAK FEDERASYONU","robots":{"index":"index","follow":"follow","max-snippet":"max-snippet:-1","max-image-preview":"max-image-preview:large","max-video-preview":"max-video-preview:-1"},"canonical":"https:\/\/matrakfederasyonu.org\/?page_id=215","og_locale":"tr_TR","og_type":"article","og_title":"Federasyon Ba\u015fkan\u0131 - MATRAK FEDERASYONU","og_description":"Efkan \u00c7ALI\u015e Cenk Sanat\u0131 Matrak Sporu Kurucusu Osmanl\u0131 Cenk Sanat\u0131 Matrak Kitab\u0131 Yazar\u0131 Matrak Federasyonu Ba\u015fkan\u0131 Ata SporLar\u0131 Konfederasyonu Ba\u015fkan Yard\u0131mc\u0131s\u0131 1973 y\u0131l\u0131nda Ankara\u2019da do\u011fan Efkan \u00c7al\u0131\u015f, Anadolu \u00dcniversitesi \u0130\u015fletme Lisans mezunudur.&nbsp; 1996-2023 y\u0131llar\u0131 aras\u0131nda \u00d6zel sekt\u00f6rde Turizm Otelcilik ve Di\u015f \u0130mplant\u0131 alanlar\u0131nda y\u00f6neticilik yapm\u0131\u015ft\u0131r. 1988 y\u0131l\u0131nda spor hayat\u0131na ba\u015flayan \u00c7al\u0131\u015f bir\u00e7ok m\u00fccadele ve savunma sanatlar\u0131nda sporcu ve antren\u00f6rl\u00fck yapt\u0131ktan sonra, 2001 y\u0131l\u0131ndan itibaren Osmanl\u0131 tarihinde Cenk Sanat\u0131 Matrak alan\u0131nda ara\u015ft\u0131rmalar\u0131n\u0131 derinle\u015ftirmi\u015f 2008 y\u0131l\u0131ndan itibaren unutulmu\u015f yok olmu\u015f kadim T\u00fcrk oyunlar\u0131 olan Matrak oyunu, Tomak oyunu, Tulum oyunu ve Cenk oyunu disiplinlerini g\u00fcn\u00fcm\u00fcz d\u00fcnyas\u0131 spor kural kaideleri ile e\u011fitim ve oyun disiplinlerini 3&hellip;","og_url":"https:\/\/matrakfederasyonu.org\/?page_id=215","og_site_name":"MATRAK FEDERASYONU","article_modified_time":"2025-02-27T16:26:47+00:00","og_image":[{"url":"http:\/\/matrakfederasyonu.org\/wp-content\/uploads\/2024\/05\/matrak-federasyonu-baskani-matrakci-efkan-calis.jpg","type":"","width":"","height":""}],"twitter_card":"summary_large_image","twitter_misc":{"Tahmini okuma s\u00fcresi":"2 dakika"},"schema":{"@context":"https:\/\/schema.org","@graph":[{"@type":"WebPage","@id":"https:\/\/matrakfederasyonu.org\/?page_id=215","url":"https:\/\/matrakfederasyonu.org\/?page_id=215","name":"Federasyon Ba\u015fkan\u0131 - MATRAK FEDERASYONU","isPartOf":{"@id":"https:\/\/matrakfederasyonu.org\/#website"},"primaryImageOfPage":{"@id":"https:\/\/matrakfederasyonu.org\/?page_id=215#primaryimage"},"image":{"@id":"https:\/\/matrakfederasyonu.org\/?page_id=215#primaryimage"},"thumbnailUrl":"http:\/\/matrakfederasyonu.org\/wp-content\/uploads\/2024\/05\/matrak-federasyonu-baskani-matrakci-efkan-calis.jpg","datePublished":"2022-11-09T11:56:25+00:00","dateModified":"2025-02-27T16:26:47+00:00","breadcrumb":{"@id":"https:\/\/matrakfederasyonu.org\/?page_id=215#breadcrumb"},"inLanguage":"tr","potentialAction":[{"@type":"ReadAction","target":["https:\/\/matrakfederasyonu.org\/?page_id=215"]}]},{"@type":"ImageObject","inLanguage":"tr","@id":"https:\/\/matrakfederasyonu.org\/?page_id=215#primaryimage","url":"http:\/\/matrakfederasyonu.org\/wp-content\/uploads\/2024\/05\/matrak-federasyonu-baskani-matrakci-efkan-calis.jpg","contentUrl":"http:\/\/matrakfederasyonu.org\/wp-content\/uploads\/2024\/05\/matrak-federasyonu-baskani-matrakci-efkan-calis.jpg","width":253,"height":279},{"@type":"BreadcrumbList","@id":"https:\/\/matrakfederasyonu.org\/?page_id=215#breadcrumb","itemListElement":[{"@type":"ListItem","position":1,"name":"Anasayfa","item":"https:\/\/matrakfederasyonu.org\/"},{"@type":"ListItem","position":2,"name":"Federasyon Ba\u015fkan\u0131"}]},{"@type":"WebSite","@id":"https:\/\/matrakfederasyonu.org\/#website","url":"https:\/\/matrakfederasyonu.org\/","name":"MATRAK FEDERASYONU","description":"SULTANLARIN SPORU YEN\u0130\u00c7ER\u0130LER\u0130N CENK SANATI","publisher":{"@id":"https:\/\/matrakfederasyonu.org\/#organization"},"potentialAction":[{"@type":"SearchAction","target":{"@type":"EntryPoint","urlTemplate":"https:\/\/matrakfederasyonu.org\/?s={search_term_string}"},"query-input":{"@type":"PropertyValueSpecification","valueRequired":true,"valueName":"search_term_string"}}],"inLanguage":"tr"},{"@type":"Organization","@id":"https:\/\/matrakfederasyonu.org\/#organization","name":"MATRAK FEDERASYONU","url":"https:\/\/matrakfederasyonu.org\/","logo":{"@type":"ImageObject","inLanguage":"tr","@id":"https:\/\/matrakfederasyonu.org\/#\/schema\/logo\/image\/","url":"http:\/\/matrakfederasyonu.org\/wp-content\/uploads\/2022\/11\/cropped-cropped-MATRAK-FEDERASYONU-LOGO-2-1.png","contentUrl":"http:\/\/matrakfederasyonu.org\/wp-content\/uploads\/2022\/11\/cropped-cropped-MATRAK-FEDERASYONU-LOGO-2-1.png","width":864,"height":774,"caption":"MATRAK FEDERASYONU "},"image":{"@id":"https:\/\/matrakfederasyonu.org\/#\/schema\/logo\/image\/"}}]}},"_links":{"self":[{"href":"http:\/\/matrakfederasyonu.org\/index.php?rest_route=\/wp\/v2\/pages\/215","targetHints":{"allow":["GET"]}}],"collection":[{"href":"http:\/\/matrakfederasyonu.org\/index.php?rest_route=\/wp\/v2\/pages"}],"about":[{"href":"http:\/\/matrakfederasyonu.org\/index.php?rest_route=\/wp\/v2\/types\/page"}],"author":[{"embeddable":true,"href":"http:\/\/matrakfederasyonu.org\/index.php?rest_route=\/wp\/v2\/users\/1"}],"replies":[{"embeddable":true,"href":"http:\/\/matrakfederasyonu.org\/index.php?rest_route=%2Fwp%2Fv2%2Fcomments&post=215"}],"version-history":[{"count":13,"href":"http:\/\/matrakfederasyonu.org\/index.php?rest_route=\/wp\/v2\/pages\/215\/revisions"}],"predecessor-version":[{"id":1587,"href":"http:\/\/matrakfederasyonu.org\/index.php?rest_route=\/wp\/v2\/pages\/215\/revisions\/1587"}],"wp:attachment":[{"href":"http:\/\/matrakfederasyonu.org\/index.php?rest_route=%2Fwp%2Fv2%2Fmedia&parent=215"}],"curies":[{"name":"wp","href":"https:\/\/api.w.org\/{rel}","templated":true}]}}