{"id":260,"date":"2022-11-10T11:56:56","date_gmt":"2022-11-10T11:56:56","guid":{"rendered":"http:\/\/matrakfederasyonu.org\/?page_id=260"},"modified":"2024-06-25T17:07:59","modified_gmt":"2024-06-25T17:07:59","slug":"sizden-gelenler","status":"publish","type":"page","link":"http:\/\/matrakfederasyonu.org\/?page_id=260","title":{"rendered":"Matrak 81 \u0130lde"},"content":{"rendered":"\n<p>81 \u0130LDE T\u00dcRK\u0130YE&#8217;N\u0130N HER YER\u0130NDE<\/p>\n\n\n\n<figure class=\"wp-block-image size-large\"><img loading=\"lazy\" decoding=\"async\" width=\"1024\" height=\"654\" src=\"http:\/\/matrakfederasyonu.org\/wp-content\/uploads\/2024\/06\/81-ilde-matrak-var-matrak-federasyonu-1024x654.jpg\" alt=\"\" class=\"wp-image-581\" srcset=\"http:\/\/matrakfederasyonu.org\/wp-content\/uploads\/2024\/06\/81-ilde-matrak-var-matrak-federasyonu-1024x654.jpg 1024w, http:\/\/matrakfederasyonu.org\/wp-content\/uploads\/2024\/06\/81-ilde-matrak-var-matrak-federasyonu-300x192.jpg 300w, http:\/\/matrakfederasyonu.org\/wp-content\/uploads\/2024\/06\/81-ilde-matrak-var-matrak-federasyonu-768x491.jpg 768w, http:\/\/matrakfederasyonu.org\/wp-content\/uploads\/2024\/06\/81-ilde-matrak-var-matrak-federasyonu-1536x981.jpg 1536w, http:\/\/matrakfederasyonu.org\/wp-content\/uploads\/2024\/06\/81-ilde-matrak-var-matrak-federasyonu-2048x1308.jpg 2048w\" sizes=\"auto, (max-width: 1024px) 100vw, 1024px\" \/><\/figure>\n\n\n<div class=\"wp-block-image\">\n<figure class=\"aligncenter size-large is-resized\"><img loading=\"lazy\" decoding=\"async\" width=\"724\" height=\"1024\" src=\"http:\/\/matrakfederasyonu.org\/wp-content\/uploads\/2024\/06\/1-81-ILDE-MATRAK-VAR-724x1024.jpg\" alt=\"\" class=\"wp-image-565\" style=\"width:723px;height:auto\" srcset=\"http:\/\/matrakfederasyonu.org\/wp-content\/uploads\/2024\/06\/1-81-ILDE-MATRAK-VAR-724x1024.jpg 724w, http:\/\/matrakfederasyonu.org\/wp-content\/uploads\/2024\/06\/1-81-ILDE-MATRAK-VAR-212x300.jpg 212w, http:\/\/matrakfederasyonu.org\/wp-content\/uploads\/2024\/06\/1-81-ILDE-MATRAK-VAR-768x1086.jpg 768w, http:\/\/matrakfederasyonu.org\/wp-content\/uploads\/2024\/06\/1-81-ILDE-MATRAK-VAR-1086x1536.jpg 1086w, http:\/\/matrakfederasyonu.org\/wp-content\/uploads\/2024\/06\/1-81-ILDE-MATRAK-VAR-1448x2048.jpg 1448w, http:\/\/matrakfederasyonu.org\/wp-content\/uploads\/2024\/06\/1-81-ILDE-MATRAK-VAR-scaled.jpg 1810w\" sizes=\"auto, (max-width: 724px) 100vw, 724px\" \/><\/figure>\n<\/div>\n\n<div class=\"wp-block-image\">\n<figure class=\"aligncenter size-large\"><img loading=\"lazy\" decoding=\"async\" width=\"724\" height=\"1024\" src=\"http:\/\/matrakfederasyonu.org\/wp-content\/uploads\/2024\/06\/2-81-ILDE-MATRAK-VAR-724x1024.jpg\" alt=\"\" class=\"wp-image-566\" srcset=\"http:\/\/matrakfederasyonu.org\/wp-content\/uploads\/2024\/06\/2-81-ILDE-MATRAK-VAR-724x1024.jpg 724w, http:\/\/matrakfederasyonu.org\/wp-content\/uploads\/2024\/06\/2-81-ILDE-MATRAK-VAR-212x300.jpg 212w, http:\/\/matrakfederasyonu.org\/wp-content\/uploads\/2024\/06\/2-81-ILDE-MATRAK-VAR-768x1086.jpg 768w, http:\/\/matrakfederasyonu.org\/wp-content\/uploads\/2024\/06\/2-81-ILDE-MATRAK-VAR-1086x1536.jpg 1086w, http:\/\/matrakfederasyonu.org\/wp-content\/uploads\/2024\/06\/2-81-ILDE-MATRAK-VAR-1448x2048.jpg 1448w, http:\/\/matrakfederasyonu.org\/wp-content\/uploads\/2024\/06\/2-81-ILDE-MATRAK-VAR-scaled.jpg 1810w\" sizes=\"auto, (max-width: 724px) 100vw, 724px\" \/><\/figure>\n<\/div>\n\n<div class=\"wp-block-image\">\n<figure class=\"aligncenter size-large\"><img loading=\"lazy\" decoding=\"async\" width=\"724\" height=\"1024\" src=\"http:\/\/matrakfederasyonu.org\/wp-content\/uploads\/2024\/06\/3-81-ILDE-MATRAK-VAR-724x1024.jpg\" alt=\"\" class=\"wp-image-567\" srcset=\"http:\/\/matrakfederasyonu.org\/wp-content\/uploads\/2024\/06\/3-81-ILDE-MATRAK-VAR-724x1024.jpg 724w, http:\/\/matrakfederasyonu.org\/wp-content\/uploads\/2024\/06\/3-81-ILDE-MATRAK-VAR-212x300.jpg 212w, http:\/\/matrakfederasyonu.org\/wp-content\/uploads\/2024\/06\/3-81-ILDE-MATRAK-VAR-768x1086.jpg 768w, http:\/\/matrakfederasyonu.org\/wp-content\/uploads\/2024\/06\/3-81-ILDE-MATRAK-VAR-1086x1536.jpg 1086w, http:\/\/matrakfederasyonu.org\/wp-content\/uploads\/2024\/06\/3-81-ILDE-MATRAK-VAR-1448x2048.jpg 1448w, http:\/\/matrakfederasyonu.org\/wp-content\/uploads\/2024\/06\/3-81-ILDE-MATRAK-VAR-scaled.jpg 1810w\" sizes=\"auto, (max-width: 724px) 100vw, 724px\" \/><\/figure>\n<\/div>\n\n<div class=\"wp-block-image\">\n<figure class=\"aligncenter size-large\"><img loading=\"lazy\" decoding=\"async\" width=\"724\" height=\"1024\" src=\"http:\/\/matrakfederasyonu.org\/wp-content\/uploads\/2024\/06\/4-81-ILDE-MATRAK-VAR-724x1024.jpg\" alt=\"\" class=\"wp-image-568\" srcset=\"http:\/\/matrakfederasyonu.org\/wp-content\/uploads\/2024\/06\/4-81-ILDE-MATRAK-VAR-724x1024.jpg 724w, http:\/\/matrakfederasyonu.org\/wp-content\/uploads\/2024\/06\/4-81-ILDE-MATRAK-VAR-212x300.jpg 212w, http:\/\/matrakfederasyonu.org\/wp-content\/uploads\/2024\/06\/4-81-ILDE-MATRAK-VAR-768x1086.jpg 768w, http:\/\/matrakfederasyonu.org\/wp-content\/uploads\/2024\/06\/4-81-ILDE-MATRAK-VAR-1086x1536.jpg 1086w, http:\/\/matrakfederasyonu.org\/wp-content\/uploads\/2024\/06\/4-81-ILDE-MATRAK-VAR-1448x2048.jpg 1448w, http:\/\/matrakfederasyonu.org\/wp-content\/uploads\/2024\/06\/4-81-ILDE-MATRAK-VAR-scaled.jpg 1810w\" sizes=\"auto, (max-width: 724px) 100vw, 724px\" \/><\/figure>\n<\/div>\n\n<div class=\"wp-block-image\">\n<figure class=\"aligncenter size-large\"><img loading=\"lazy\" decoding=\"async\" width=\"724\" height=\"1024\" src=\"http:\/\/matrakfederasyonu.org\/wp-content\/uploads\/2024\/06\/5-81-ILDE-MATRAK-VAR-724x1024.jpg\" alt=\"\" class=\"wp-image-578\" srcset=\"http:\/\/matrakfederasyonu.org\/wp-content\/uploads\/2024\/06\/5-81-ILDE-MATRAK-VAR-724x1024.jpg 724w, http:\/\/matrakfederasyonu.org\/wp-content\/uploads\/2024\/06\/5-81-ILDE-MATRAK-VAR-212x300.jpg 212w, http:\/\/matrakfederasyonu.org\/wp-content\/uploads\/2024\/06\/5-81-ILDE-MATRAK-VAR-768x1086.jpg 768w, http:\/\/matrakfederasyonu.org\/wp-content\/uploads\/2024\/06\/5-81-ILDE-MATRAK-VAR-1086x1536.jpg 1086w, http:\/\/matrakfederasyonu.org\/wp-content\/uploads\/2024\/06\/5-81-ILDE-MATRAK-VAR-1448x2048.jpg 1448w, http:\/\/matrakfederasyonu.org\/wp-content\/uploads\/2024\/06\/5-81-ILDE-MATRAK-VAR-scaled.jpg 1810w\" sizes=\"auto, (max-width: 724px) 100vw, 724px\" \/><\/figure>\n<\/div>\n\n<div class=\"wp-block-image\">\n<figure class=\"aligncenter size-large\"><img loading=\"lazy\" decoding=\"async\" width=\"724\" height=\"1024\" src=\"http:\/\/matrakfederasyonu.org\/wp-content\/uploads\/2024\/06\/6-81-ILDE-MATRAK-VAR-724x1024.jpg\" alt=\"\" class=\"wp-image-569\" srcset=\"http:\/\/matrakfederasyonu.org\/wp-content\/uploads\/2024\/06\/6-81-ILDE-MATRAK-VAR-724x1024.jpg 724w, http:\/\/matrakfederasyonu.org\/wp-content\/uploads\/2024\/06\/6-81-ILDE-MATRAK-VAR-212x300.jpg 212w, http:\/\/matrakfederasyonu.org\/wp-content\/uploads\/2024\/06\/6-81-ILDE-MATRAK-VAR-768x1086.jpg 768w, http:\/\/matrakfederasyonu.org\/wp-content\/uploads\/2024\/06\/6-81-ILDE-MATRAK-VAR-1086x1536.jpg 1086w, http:\/\/matrakfederasyonu.org\/wp-content\/uploads\/2024\/06\/6-81-ILDE-MATRAK-VAR-1448x2048.jpg 1448w, http:\/\/matrakfederasyonu.org\/wp-content\/uploads\/2024\/06\/6-81-ILDE-MATRAK-VAR-scaled.jpg 1810w\" sizes=\"auto, (max-width: 724px) 100vw, 724px\" \/><\/figure>\n<\/div>","protected":false},"excerpt":{"rendered":"<p>81 \u0130LDE T\u00dcRK\u0130YE&#8217;N\u0130N HER YER\u0130NDE<\/p>\n","protected":false},"author":1,"featured_media":0,"parent":0,"menu_order":0,"comment_status":"closed","ping_status":"closed","template":"","meta":{"footnotes":""},"class_list":["post-260","page","type-page","status-publish","hentry"],"yoast_head":"<!-- This site is optimized with the Yoast SEO plugin v27.4 - https:\/\/yoast.com\/product\/yoast-seo-wordpress\/ -->\n<title>Matrak 81 \u0130lde - MATRAK FEDERASYONU<\/title>\n<meta name=\"robots\" content=\"index, follow, max-snippet:-1, max-image-preview:large, max-video-preview:-1\" \/>\n<link rel=\"canonical\" href=\"https:\/\/matrakfederasyonu.org\/?page_id=260\" \/>\n<meta property=\"og:locale\" content=\"tr_TR\" \/>\n<meta property=\"og:type\" content=\"article\" \/>\n<meta property=\"og:title\" content=\"Matrak 81 \u0130lde - MATRAK FEDERASYONU\" \/>\n<meta property=\"og:description\" content=\"81 \u0130LDE T\u00dcRK\u0130YE&#8217;N\u0130N HER YER\u0130NDE\" \/>\n<meta property=\"og:url\" content=\"https:\/\/matrakfederasyonu.org\/?page_id=260\" \/>\n<meta property=\"og:site_name\" content=\"MATRAK FEDERASYONU\" \/>\n<meta property=\"article:modified_time\" content=\"2024-06-25T17:07:59+00:00\" \/>\n<meta property=\"og:image\" content=\"http:\/\/matrakfederasyonu.org\/wp-content\/uploads\/2024\/06\/81-ilde-matrak-var-matrak-federasyonu-1024x654.jpg\" \/>\n<meta name=\"twitter:card\" content=\"summary_large_image\" \/>\n<script type=\"application\/ld+json\" class=\"yoast-schema-graph\">{\"@context\":\"https:\\\/\\\/schema.org\",\"@graph\":[{\"@type\":\"WebPage\",\"@id\":\"https:\\\/\\\/matrakfederasyonu.org\\\/?page_id=260\",\"url\":\"https:\\\/\\\/matrakfederasyonu.org\\\/?page_id=260\",\"name\":\"Matrak 81 \u0130lde - MATRAK FEDERASYONU\",\"isPartOf\":{\"@id\":\"https:\\\/\\\/matrakfederasyonu.org\\\/#website\"},\"primaryImageOfPage\":{\"@id\":\"https:\\\/\\\/matrakfederasyonu.org\\\/?page_id=260#primaryimage\"},\"image\":{\"@id\":\"https:\\\/\\\/matrakfederasyonu.org\\\/?page_id=260#primaryimage\"},\"thumbnailUrl\":\"http:\\\/\\\/matrakfederasyonu.org\\\/wp-content\\\/uploads\\\/2024\\\/06\\\/81-ilde-matrak-var-matrak-federasyonu-1024x654.jpg\",\"datePublished\":\"2022-11-10T11:56:56+00:00\",\"dateModified\":\"2024-06-25T17:07:59+00:00\",\"breadcrumb\":{\"@id\":\"https:\\\/\\\/matrakfederasyonu.org\\\/?page_id=260#breadcrumb\"},\"inLanguage\":\"tr\",\"potentialAction\":[{\"@type\":\"ReadAction\",\"target\":[\"https:\\\/\\\/matrakfederasyonu.org\\\/?page_id=260\"]}]},{\"@type\":\"ImageObject\",\"inLanguage\":\"tr\",\"@id\":\"https:\\\/\\\/matrakfederasyonu.org\\\/?page_id=260#primaryimage\",\"url\":\"http:\\\/\\\/matrakfederasyonu.org\\\/wp-content\\\/uploads\\\/2024\\\/06\\\/81-ilde-matrak-var-matrak-federasyonu.jpg\",\"contentUrl\":\"http:\\\/\\\/matrakfederasyonu.org\\\/wp-content\\\/uploads\\\/2024\\\/06\\\/81-ilde-matrak-var-matrak-federasyonu.jpg\",\"width\":2470,\"height\":1578},{\"@type\":\"BreadcrumbList\",\"@id\":\"https:\\\/\\\/matrakfederasyonu.org\\\/?page_id=260#breadcrumb\",\"itemListElement\":[{\"@type\":\"ListItem\",\"position\":1,\"name\":\"Anasayfa\",\"item\":\"https:\\\/\\\/matrakfederasyonu.org\\\/\"},{\"@type\":\"ListItem\",\"position\":2,\"name\":\"Matrak 81 \u0130lde\"}]},{\"@type\":\"WebSite\",\"@id\":\"https:\\\/\\\/matrakfederasyonu.org\\\/#website\",\"url\":\"https:\\\/\\\/matrakfederasyonu.org\\\/\",\"name\":\"MATRAK FEDERASYONU\",\"description\":\"SULTANLARIN SPORU YEN\u0130\u00c7ER\u0130LER\u0130N CENK SANATI\",\"publisher\":{\"@id\":\"https:\\\/\\\/matrakfederasyonu.org\\\/#organization\"},\"potentialAction\":[{\"@type\":\"SearchAction\",\"target\":{\"@type\":\"EntryPoint\",\"urlTemplate\":\"https:\\\/\\\/matrakfederasyonu.org\\\/?s={search_term_string}\"},\"query-input\":{\"@type\":\"PropertyValueSpecification\",\"valueRequired\":true,\"valueName\":\"search_term_string\"}}],\"inLanguage\":\"tr\"},{\"@type\":\"Organization\",\"@id\":\"https:\\\/\\\/matrakfederasyonu.org\\\/#organization\",\"name\":\"MATRAK FEDERASYONU\",\"url\":\"https:\\\/\\\/matrakfederasyonu.org\\\/\",\"logo\":{\"@type\":\"ImageObject\",\"inLanguage\":\"tr\",\"@id\":\"https:\\\/\\\/matrakfederasyonu.org\\\/#\\\/schema\\\/logo\\\/image\\\/\",\"url\":\"http:\\\/\\\/matrakfederasyonu.org\\\/wp-content\\\/uploads\\\/2022\\\/11\\\/cropped-cropped-MATRAK-FEDERASYONU-LOGO-2-1.png\",\"contentUrl\":\"http:\\\/\\\/matrakfederasyonu.org\\\/wp-content\\\/uploads\\\/2022\\\/11\\\/cropped-cropped-MATRAK-FEDERASYONU-LOGO-2-1.png\",\"width\":864,\"height\":774,\"caption\":\"MATRAK FEDERASYONU \"},\"image\":{\"@id\":\"https:\\\/\\\/matrakfederasyonu.org\\\/#\\\/schema\\\/logo\\\/image\\\/\"}}]}<\/script>\n<!-- \/ Yoast SEO plugin. -->","yoast_head_json":{"title":"Matrak 81 \u0130lde - MATRAK FEDERASYONU","robots":{"index":"index","follow":"follow","max-snippet":"max-snippet:-1","max-image-preview":"max-image-preview:large","max-video-preview":"max-video-preview:-1"},"canonical":"https:\/\/matrakfederasyonu.org\/?page_id=260","og_locale":"tr_TR","og_type":"article","og_title":"Matrak 81 \u0130lde - MATRAK FEDERASYONU","og_description":"81 \u0130LDE T\u00dcRK\u0130YE&#8217;N\u0130N HER YER\u0130NDE","og_url":"https:\/\/matrakfederasyonu.org\/?page_id=260","og_site_name":"MATRAK FEDERASYONU","article_modified_time":"2024-06-25T17:07:59+00:00","og_image":[{"url":"http:\/\/matrakfederasyonu.org\/wp-content\/uploads\/2024\/06\/81-ilde-matrak-var-matrak-federasyonu-1024x654.jpg","type":"","width":"","height":""}],"twitter_card":"summary_large_image","schema":{"@context":"https:\/\/schema.org","@graph":[{"@type":"WebPage","@id":"https:\/\/matrakfederasyonu.org\/?page_id=260","url":"https:\/\/matrakfederasyonu.org\/?page_id=260","name":"Matrak 81 \u0130lde - MATRAK FEDERASYONU","isPartOf":{"@id":"https:\/\/matrakfederasyonu.org\/#website"},"primaryImageOfPage":{"@id":"https:\/\/matrakfederasyonu.org\/?page_id=260#primaryimage"},"image":{"@id":"https:\/\/matrakfederasyonu.org\/?page_id=260#primaryimage"},"thumbnailUrl":"http:\/\/matrakfederasyonu.org\/wp-content\/uploads\/2024\/06\/81-ilde-matrak-var-matrak-federasyonu-1024x654.jpg","datePublished":"2022-11-10T11:56:56+00:00","dateModified":"2024-06-25T17:07:59+00:00","breadcrumb":{"@id":"https:\/\/matrakfederasyonu.org\/?page_id=260#breadcrumb"},"inLanguage":"tr","potentialAction":[{"@type":"ReadAction","target":["https:\/\/matrakfederasyonu.org\/?page_id=260"]}]},{"@type":"ImageObject","inLanguage":"tr","@id":"https:\/\/matrakfederasyonu.org\/?page_id=260#primaryimage","url":"http:\/\/matrakfederasyonu.org\/wp-content\/uploads\/2024\/06\/81-ilde-matrak-var-matrak-federasyonu.jpg","contentUrl":"http:\/\/matrakfederasyonu.org\/wp-content\/uploads\/2024\/06\/81-ilde-matrak-var-matrak-federasyonu.jpg","width":2470,"height":1578},{"@type":"BreadcrumbList","@id":"https:\/\/matrakfederasyonu.org\/?page_id=260#breadcrumb","itemListElement":[{"@type":"ListItem","position":1,"name":"Anasayfa","item":"https:\/\/matrakfederasyonu.org\/"},{"@type":"ListItem","position":2,"name":"Matrak 81 \u0130lde"}]},{"@type":"WebSite","@id":"https:\/\/matrakfederasyonu.org\/#website","url":"https:\/\/matrakfederasyonu.org\/","name":"MATRAK FEDERASYONU","description":"SULTANLARIN SPORU YEN\u0130\u00c7ER\u0130LER\u0130N CENK SANATI","publisher":{"@id":"https:\/\/matrakfederasyonu.org\/#organization"},"potentialAction":[{"@type":"SearchAction","target":{"@type":"EntryPoint","urlTemplate":"https:\/\/matrakfederasyonu.org\/?s={search_term_string}"},"query-input":{"@type":"PropertyValueSpecification","valueRequired":true,"valueName":"search_term_string"}}],"inLanguage":"tr"},{"@type":"Organization","@id":"https:\/\/matrakfederasyonu.org\/#organization","name":"MATRAK FEDERASYONU","url":"https:\/\/matrakfederasyonu.org\/","logo":{"@type":"ImageObject","inLanguage":"tr","@id":"https:\/\/matrakfederasyonu.org\/#\/schema\/logo\/image\/","url":"http:\/\/matrakfederasyonu.org\/wp-content\/uploads\/2022\/11\/cropped-cropped-MATRAK-FEDERASYONU-LOGO-2-1.png","contentUrl":"http:\/\/matrakfederasyonu.org\/wp-content\/uploads\/2022\/11\/cropped-cropped-MATRAK-FEDERASYONU-LOGO-2-1.png","width":864,"height":774,"caption":"MATRAK FEDERASYONU "},"image":{"@id":"https:\/\/matrakfederasyonu.org\/#\/schema\/logo\/image\/"}}]}},"_links":{"self":[{"href":"http:\/\/matrakfederasyonu.org\/index.php?rest_route=\/wp\/v2\/pages\/260","targetHints":{"allow":["GET"]}}],"collection":[{"href":"http:\/\/matrakfederasyonu.org\/index.php?rest_route=\/wp\/v2\/pages"}],"about":[{"href":"http:\/\/matrakfederasyonu.org\/index.php?rest_route=\/wp\/v2\/types\/page"}],"author":[{"embeddable":true,"href":"http:\/\/matrakfederasyonu.org\/index.php?rest_route=\/wp\/v2\/users\/1"}],"replies":[{"embeddable":true,"href":"http:\/\/matrakfederasyonu.org\/index.php?rest_route=%2Fwp%2Fv2%2Fcomments&post=260"}],"version-history":[{"count":19,"href":"http:\/\/matrakfederasyonu.org\/index.php?rest_route=\/wp\/v2\/pages\/260\/revisions"}],"predecessor-version":[{"id":612,"href":"http:\/\/matrakfederasyonu.org\/index.php?rest_route=\/wp\/v2\/pages\/260\/revisions\/612"}],"wp:attachment":[{"href":"http:\/\/matrakfederasyonu.org\/index.php?rest_route=%2Fwp%2Fv2%2Fmedia&parent=260"}],"curies":[{"name":"wp","href":"https:\/\/api.w.org\/{rel}","templated":true}]}}