{"id":64,"date":"2022-11-08T10:19:07","date_gmt":"2022-11-08T10:19:07","guid":{"rendered":"http:\/\/matrakfederasyonu.org\/?page_id=64"},"modified":"2022-11-29T12:08:33","modified_gmt":"2022-11-29T12:08:33","slug":"kurslar","status":"publish","type":"page","link":"http:\/\/matrakfederasyonu.org\/?page_id=64","title":{"rendered":"E\u011fitim"},"content":{"rendered":"\n<figure class=\"wp-block-image size-large\"><img loading=\"lazy\" decoding=\"async\" width=\"473\" height=\"1024\" src=\"http:\/\/matrakfederasyonu.org\/wp-content\/uploads\/2022\/11\/matrak-dersleri-basladi-473x1024.jpg\" alt=\"\" class=\"wp-image-393\" srcset=\"http:\/\/matrakfederasyonu.org\/wp-content\/uploads\/2022\/11\/matrak-dersleri-basladi-473x1024.jpg 473w, http:\/\/matrakfederasyonu.org\/wp-content\/uploads\/2022\/11\/matrak-dersleri-basladi-139x300.jpg 139w, http:\/\/matrakfederasyonu.org\/wp-content\/uploads\/2022\/11\/matrak-dersleri-basladi.jpg 640w\" sizes=\"auto, (max-width: 473px) 100vw, 473px\" \/><\/figure>\n","protected":false},"excerpt":{"rendered":"","protected":false},"author":1,"featured_media":0,"parent":0,"menu_order":0,"comment_status":"closed","ping_status":"closed","template":"","meta":{"footnotes":""},"class_list":["post-64","page","type-page","status-publish","hentry"],"yoast_head":"<!-- This site is optimized with the Yoast SEO plugin v27.4 - https:\/\/yoast.com\/product\/yoast-seo-wordpress\/ -->\n<title>E\u011fitim - MATRAK FEDERASYONU<\/title>\n<meta name=\"robots\" content=\"index, follow, max-snippet:-1, max-image-preview:large, max-video-preview:-1\" \/>\n<link rel=\"canonical\" href=\"https:\/\/matrakfederasyonu.org\/?page_id=64\" \/>\n<meta property=\"og:locale\" content=\"tr_TR\" \/>\n<meta property=\"og:type\" content=\"article\" \/>\n<meta property=\"og:title\" content=\"E\u011fitim - MATRAK FEDERASYONU\" \/>\n<meta property=\"og:url\" content=\"https:\/\/matrakfederasyonu.org\/?page_id=64\" \/>\n<meta property=\"og:site_name\" content=\"MATRAK FEDERASYONU\" \/>\n<meta property=\"article:modified_time\" content=\"2022-11-29T12:08:33+00:00\" \/>\n<meta property=\"og:image\" content=\"http:\/\/matrakfederasyonu.org\/wp-content\/uploads\/2022\/11\/matrak-dersleri-basladi-473x1024.jpg\" \/>\n<meta name=\"twitter:card\" content=\"summary_large_image\" \/>\n<script type=\"application\/ld+json\" class=\"yoast-schema-graph\">{\"@context\":\"https:\\\/\\\/schema.org\",\"@graph\":[{\"@type\":\"WebPage\",\"@id\":\"https:\\\/\\\/matrakfederasyonu.org\\\/?page_id=64\",\"url\":\"https:\\\/\\\/matrakfederasyonu.org\\\/?page_id=64\",\"name\":\"E\u011fitim - MATRAK FEDERASYONU\",\"isPartOf\":{\"@id\":\"https:\\\/\\\/matrakfederasyonu.org\\\/#website\"},\"primaryImageOfPage\":{\"@id\":\"https:\\\/\\\/matrakfederasyonu.org\\\/?page_id=64#primaryimage\"},\"image\":{\"@id\":\"https:\\\/\\\/matrakfederasyonu.org\\\/?page_id=64#primaryimage\"},\"thumbnailUrl\":\"http:\\\/\\\/matrakfederasyonu.org\\\/wp-content\\\/uploads\\\/2022\\\/11\\\/matrak-dersleri-basladi-473x1024.jpg\",\"datePublished\":\"2022-11-08T10:19:07+00:00\",\"dateModified\":\"2022-11-29T12:08:33+00:00\",\"breadcrumb\":{\"@id\":\"https:\\\/\\\/matrakfederasyonu.org\\\/?page_id=64#breadcrumb\"},\"inLanguage\":\"tr\",\"potentialAction\":[{\"@type\":\"ReadAction\",\"target\":[\"https:\\\/\\\/matrakfederasyonu.org\\\/?page_id=64\"]}]},{\"@type\":\"ImageObject\",\"inLanguage\":\"tr\",\"@id\":\"https:\\\/\\\/matrakfederasyonu.org\\\/?page_id=64#primaryimage\",\"url\":\"http:\\\/\\\/matrakfederasyonu.org\\\/wp-content\\\/uploads\\\/2022\\\/11\\\/matrak-dersleri-basladi.jpg\",\"contentUrl\":\"http:\\\/\\\/matrakfederasyonu.org\\\/wp-content\\\/uploads\\\/2022\\\/11\\\/matrak-dersleri-basladi.jpg\",\"width\":640,\"height\":1386},{\"@type\":\"BreadcrumbList\",\"@id\":\"https:\\\/\\\/matrakfederasyonu.org\\\/?page_id=64#breadcrumb\",\"itemListElement\":[{\"@type\":\"ListItem\",\"position\":1,\"name\":\"Anasayfa\",\"item\":\"https:\\\/\\\/matrakfederasyonu.org\\\/\"},{\"@type\":\"ListItem\",\"position\":2,\"name\":\"E\u011fitim\"}]},{\"@type\":\"WebSite\",\"@id\":\"https:\\\/\\\/matrakfederasyonu.org\\\/#website\",\"url\":\"https:\\\/\\\/matrakfederasyonu.org\\\/\",\"name\":\"MATRAK FEDERASYONU\",\"description\":\"SULTANLARIN SPORU YEN\u0130\u00c7ER\u0130LER\u0130N CENK SANATI\",\"publisher\":{\"@id\":\"https:\\\/\\\/matrakfederasyonu.org\\\/#organization\"},\"potentialAction\":[{\"@type\":\"SearchAction\",\"target\":{\"@type\":\"EntryPoint\",\"urlTemplate\":\"https:\\\/\\\/matrakfederasyonu.org\\\/?s={search_term_string}\"},\"query-input\":{\"@type\":\"PropertyValueSpecification\",\"valueRequired\":true,\"valueName\":\"search_term_string\"}}],\"inLanguage\":\"tr\"},{\"@type\":\"Organization\",\"@id\":\"https:\\\/\\\/matrakfederasyonu.org\\\/#organization\",\"name\":\"MATRAK FEDERASYONU\",\"url\":\"https:\\\/\\\/matrakfederasyonu.org\\\/\",\"logo\":{\"@type\":\"ImageObject\",\"inLanguage\":\"tr\",\"@id\":\"https:\\\/\\\/matrakfederasyonu.org\\\/#\\\/schema\\\/logo\\\/image\\\/\",\"url\":\"http:\\\/\\\/matrakfederasyonu.org\\\/wp-content\\\/uploads\\\/2022\\\/11\\\/cropped-cropped-MATRAK-FEDERASYONU-LOGO-2-1.png\",\"contentUrl\":\"http:\\\/\\\/matrakfederasyonu.org\\\/wp-content\\\/uploads\\\/2022\\\/11\\\/cropped-cropped-MATRAK-FEDERASYONU-LOGO-2-1.png\",\"width\":864,\"height\":774,\"caption\":\"MATRAK FEDERASYONU \"},\"image\":{\"@id\":\"https:\\\/\\\/matrakfederasyonu.org\\\/#\\\/schema\\\/logo\\\/image\\\/\"}}]}<\/script>\n<!-- \/ Yoast SEO plugin. -->","yoast_head_json":{"title":"E\u011fitim - MATRAK FEDERASYONU","robots":{"index":"index","follow":"follow","max-snippet":"max-snippet:-1","max-image-preview":"max-image-preview:large","max-video-preview":"max-video-preview:-1"},"canonical":"https:\/\/matrakfederasyonu.org\/?page_id=64","og_locale":"tr_TR","og_type":"article","og_title":"E\u011fitim - MATRAK FEDERASYONU","og_url":"https:\/\/matrakfederasyonu.org\/?page_id=64","og_site_name":"MATRAK FEDERASYONU","article_modified_time":"2022-11-29T12:08:33+00:00","og_image":[{"url":"http:\/\/matrakfederasyonu.org\/wp-content\/uploads\/2022\/11\/matrak-dersleri-basladi-473x1024.jpg","type":"","width":"","height":""}],"twitter_card":"summary_large_image","schema":{"@context":"https:\/\/schema.org","@graph":[{"@type":"WebPage","@id":"https:\/\/matrakfederasyonu.org\/?page_id=64","url":"https:\/\/matrakfederasyonu.org\/?page_id=64","name":"E\u011fitim - MATRAK FEDERASYONU","isPartOf":{"@id":"https:\/\/matrakfederasyonu.org\/#website"},"primaryImageOfPage":{"@id":"https:\/\/matrakfederasyonu.org\/?page_id=64#primaryimage"},"image":{"@id":"https:\/\/matrakfederasyonu.org\/?page_id=64#primaryimage"},"thumbnailUrl":"http:\/\/matrakfederasyonu.org\/wp-content\/uploads\/2022\/11\/matrak-dersleri-basladi-473x1024.jpg","datePublished":"2022-11-08T10:19:07+00:00","dateModified":"2022-11-29T12:08:33+00:00","breadcrumb":{"@id":"https:\/\/matrakfederasyonu.org\/?page_id=64#breadcrumb"},"inLanguage":"tr","potentialAction":[{"@type":"ReadAction","target":["https:\/\/matrakfederasyonu.org\/?page_id=64"]}]},{"@type":"ImageObject","inLanguage":"tr","@id":"https:\/\/matrakfederasyonu.org\/?page_id=64#primaryimage","url":"http:\/\/matrakfederasyonu.org\/wp-content\/uploads\/2022\/11\/matrak-dersleri-basladi.jpg","contentUrl":"http:\/\/matrakfederasyonu.org\/wp-content\/uploads\/2022\/11\/matrak-dersleri-basladi.jpg","width":640,"height":1386},{"@type":"BreadcrumbList","@id":"https:\/\/matrakfederasyonu.org\/?page_id=64#breadcrumb","itemListElement":[{"@type":"ListItem","position":1,"name":"Anasayfa","item":"https:\/\/matrakfederasyonu.org\/"},{"@type":"ListItem","position":2,"name":"E\u011fitim"}]},{"@type":"WebSite","@id":"https:\/\/matrakfederasyonu.org\/#website","url":"https:\/\/matrakfederasyonu.org\/","name":"MATRAK FEDERASYONU","description":"SULTANLARIN SPORU YEN\u0130\u00c7ER\u0130LER\u0130N CENK SANATI","publisher":{"@id":"https:\/\/matrakfederasyonu.org\/#organization"},"potentialAction":[{"@type":"SearchAction","target":{"@type":"EntryPoint","urlTemplate":"https:\/\/matrakfederasyonu.org\/?s={search_term_string}"},"query-input":{"@type":"PropertyValueSpecification","valueRequired":true,"valueName":"search_term_string"}}],"inLanguage":"tr"},{"@type":"Organization","@id":"https:\/\/matrakfederasyonu.org\/#organization","name":"MATRAK FEDERASYONU","url":"https:\/\/matrakfederasyonu.org\/","logo":{"@type":"ImageObject","inLanguage":"tr","@id":"https:\/\/matrakfederasyonu.org\/#\/schema\/logo\/image\/","url":"http:\/\/matrakfederasyonu.org\/wp-content\/uploads\/2022\/11\/cropped-cropped-MATRAK-FEDERASYONU-LOGO-2-1.png","contentUrl":"http:\/\/matrakfederasyonu.org\/wp-content\/uploads\/2022\/11\/cropped-cropped-MATRAK-FEDERASYONU-LOGO-2-1.png","width":864,"height":774,"caption":"MATRAK FEDERASYONU "},"image":{"@id":"https:\/\/matrakfederasyonu.org\/#\/schema\/logo\/image\/"}}]}},"_links":{"self":[{"href":"http:\/\/matrakfederasyonu.org\/index.php?rest_route=\/wp\/v2\/pages\/64","targetHints":{"allow":["GET"]}}],"collection":[{"href":"http:\/\/matrakfederasyonu.org\/index.php?rest_route=\/wp\/v2\/pages"}],"about":[{"href":"http:\/\/matrakfederasyonu.org\/index.php?rest_route=\/wp\/v2\/types\/page"}],"author":[{"embeddable":true,"href":"http:\/\/matrakfederasyonu.org\/index.php?rest_route=\/wp\/v2\/users\/1"}],"replies":[{"embeddable":true,"href":"http:\/\/matrakfederasyonu.org\/index.php?rest_route=%2Fwp%2Fv2%2Fcomments&post=64"}],"version-history":[{"count":4,"href":"http:\/\/matrakfederasyonu.org\/index.php?rest_route=\/wp\/v2\/pages\/64\/revisions"}],"predecessor-version":[{"id":397,"href":"http:\/\/matrakfederasyonu.org\/index.php?rest_route=\/wp\/v2\/pages\/64\/revisions\/397"}],"wp:attachment":[{"href":"http:\/\/matrakfederasyonu.org\/index.php?rest_route=%2Fwp%2Fv2%2Fmedia&parent=64"}],"curies":[{"name":"wp","href":"https:\/\/api.w.org\/{rel}","templated":true}]}}