{"id":928,"date":"2024-07-31T14:22:50","date_gmt":"2024-07-31T14:22:50","guid":{"rendered":"http:\/\/matrakfederasyonu.org\/?page_id=928"},"modified":"2024-11-16T08:59:35","modified_gmt":"2024-11-16T08:59:35","slug":"matrak-1-seviye-kurs-progami","status":"publish","type":"page","link":"http:\/\/matrakfederasyonu.org\/?page_id=928","title":{"rendered":"T.C. Milli E\u011fitim Bakanl\u0131\u011f\u0131 Matrak 1. Seviye Kurs Progam\u0131"},"content":{"rendered":"\n<div data-wp-interactive=\"core\/file\" class=\"wp-block-file\"><object data-wp-bind--hidden=\"!state.hasPdfPreview\" hidden class=\"wp-block-file__embed\" data=\"http:\/\/matrakfederasyonu.org\/wp-content\/uploads\/2024\/07\/Matrak-1.-Seviye-Kurs-Programi.pdf\" type=\"application\/pdf\" style=\"width:100%;height:600px\" aria-label=\"Matrak 1. Seviye Kurs Program\u0131 g\u00f6m\u00fcs\u00fc.\"><\/object><a id=\"wp-block-file--media-76ffd9be-be3b-4dbf-8130-e403e2b9ee0c\" href=\"http:\/\/matrakfederasyonu.org\/wp-content\/uploads\/2024\/07\/Matrak-1.-Seviye-Kurs-Programi.pdf\">Matrak 1. Seviye Kurs Program\u0131<\/a><a href=\"http:\/\/matrakfederasyonu.org\/wp-content\/uploads\/2024\/07\/Matrak-1.-Seviye-Kurs-Programi.pdf\" class=\"wp-block-file__button wp-element-button\" download aria-describedby=\"wp-block-file--media-76ffd9be-be3b-4dbf-8130-e403e2b9ee0c\">\u0130ndir<\/a><\/div>\n","protected":false},"excerpt":{"rendered":"","protected":false},"author":1,"featured_media":0,"parent":0,"menu_order":0,"comment_status":"closed","ping_status":"closed","template":"","meta":{"footnotes":""},"class_list":["post-928","page","type-page","status-publish","hentry"],"yoast_head":"<!-- This site is optimized with the Yoast SEO plugin v27.4 - https:\/\/yoast.com\/product\/yoast-seo-wordpress\/ -->\n<title>T.C. Milli E\u011fitim Bakanl\u0131\u011f\u0131 Matrak 1. Seviye Kurs Progam\u0131 - MATRAK FEDERASYONU<\/title>\n<meta name=\"robots\" content=\"index, follow, max-snippet:-1, max-image-preview:large, max-video-preview:-1\" \/>\n<link rel=\"canonical\" href=\"http:\/\/matrakfederasyonu.org\/?page_id=928\" \/>\n<meta property=\"og:locale\" content=\"tr_TR\" \/>\n<meta property=\"og:type\" content=\"article\" \/>\n<meta property=\"og:title\" content=\"T.C. Milli E\u011fitim Bakanl\u0131\u011f\u0131 Matrak 1. Seviye Kurs Progam\u0131 - MATRAK FEDERASYONU\" \/>\n<meta property=\"og:url\" content=\"http:\/\/matrakfederasyonu.org\/?page_id=928\" \/>\n<meta property=\"og:site_name\" content=\"MATRAK FEDERASYONU\" \/>\n<meta property=\"article:modified_time\" content=\"2024-11-16T08:59:35+00:00\" \/>\n<meta name=\"twitter:card\" content=\"summary_large_image\" \/>\n<meta name=\"twitter:label1\" content=\"Tahmini okuma s\u00fcresi\" \/>\n\t<meta name=\"twitter:data1\" content=\"1 dakika\" \/>\n<script type=\"application\/ld+json\" class=\"yoast-schema-graph\">{\"@context\":\"https:\\\/\\\/schema.org\",\"@graph\":[{\"@type\":\"WebPage\",\"@id\":\"http:\\\/\\\/matrakfederasyonu.org\\\/?page_id=928\",\"url\":\"http:\\\/\\\/matrakfederasyonu.org\\\/?page_id=928\",\"name\":\"T.C. Milli E\u011fitim Bakanl\u0131\u011f\u0131 Matrak 1. Seviye Kurs Progam\u0131 - MATRAK FEDERASYONU\",\"isPartOf\":{\"@id\":\"https:\\\/\\\/matrakfederasyonu.org\\\/#website\"},\"datePublished\":\"2024-07-31T14:22:50+00:00\",\"dateModified\":\"2024-11-16T08:59:35+00:00\",\"breadcrumb\":{\"@id\":\"http:\\\/\\\/matrakfederasyonu.org\\\/?page_id=928#breadcrumb\"},\"inLanguage\":\"tr\",\"potentialAction\":[{\"@type\":\"ReadAction\",\"target\":[\"http:\\\/\\\/matrakfederasyonu.org\\\/?page_id=928\"]}]},{\"@type\":\"BreadcrumbList\",\"@id\":\"http:\\\/\\\/matrakfederasyonu.org\\\/?page_id=928#breadcrumb\",\"itemListElement\":[{\"@type\":\"ListItem\",\"position\":1,\"name\":\"Anasayfa\",\"item\":\"https:\\\/\\\/matrakfederasyonu.org\\\/\"},{\"@type\":\"ListItem\",\"position\":2,\"name\":\"T.C. Milli E\u011fitim Bakanl\u0131\u011f\u0131 Matrak 1. Seviye Kurs Progam\u0131\"}]},{\"@type\":\"WebSite\",\"@id\":\"https:\\\/\\\/matrakfederasyonu.org\\\/#website\",\"url\":\"https:\\\/\\\/matrakfederasyonu.org\\\/\",\"name\":\"MATRAK FEDERASYONU\",\"description\":\"SULTANLARIN SPORU YEN\u0130\u00c7ER\u0130LER\u0130N CENK SANATI\",\"publisher\":{\"@id\":\"https:\\\/\\\/matrakfederasyonu.org\\\/#organization\"},\"potentialAction\":[{\"@type\":\"SearchAction\",\"target\":{\"@type\":\"EntryPoint\",\"urlTemplate\":\"https:\\\/\\\/matrakfederasyonu.org\\\/?s={search_term_string}\"},\"query-input\":{\"@type\":\"PropertyValueSpecification\",\"valueRequired\":true,\"valueName\":\"search_term_string\"}}],\"inLanguage\":\"tr\"},{\"@type\":\"Organization\",\"@id\":\"https:\\\/\\\/matrakfederasyonu.org\\\/#organization\",\"name\":\"MATRAK FEDERASYONU\",\"url\":\"https:\\\/\\\/matrakfederasyonu.org\\\/\",\"logo\":{\"@type\":\"ImageObject\",\"inLanguage\":\"tr\",\"@id\":\"https:\\\/\\\/matrakfederasyonu.org\\\/#\\\/schema\\\/logo\\\/image\\\/\",\"url\":\"http:\\\/\\\/matrakfederasyonu.org\\\/wp-content\\\/uploads\\\/2022\\\/11\\\/cropped-cropped-MATRAK-FEDERASYONU-LOGO-2-1.png\",\"contentUrl\":\"http:\\\/\\\/matrakfederasyonu.org\\\/wp-content\\\/uploads\\\/2022\\\/11\\\/cropped-cropped-MATRAK-FEDERASYONU-LOGO-2-1.png\",\"width\":864,\"height\":774,\"caption\":\"MATRAK FEDERASYONU \"},\"image\":{\"@id\":\"https:\\\/\\\/matrakfederasyonu.org\\\/#\\\/schema\\\/logo\\\/image\\\/\"}}]}<\/script>\n<!-- \/ Yoast SEO plugin. -->","yoast_head_json":{"title":"T.C. Milli E\u011fitim Bakanl\u0131\u011f\u0131 Matrak 1. Seviye Kurs Progam\u0131 - MATRAK FEDERASYONU","robots":{"index":"index","follow":"follow","max-snippet":"max-snippet:-1","max-image-preview":"max-image-preview:large","max-video-preview":"max-video-preview:-1"},"canonical":"http:\/\/matrakfederasyonu.org\/?page_id=928","og_locale":"tr_TR","og_type":"article","og_title":"T.C. Milli E\u011fitim Bakanl\u0131\u011f\u0131 Matrak 1. Seviye Kurs Progam\u0131 - MATRAK FEDERASYONU","og_url":"http:\/\/matrakfederasyonu.org\/?page_id=928","og_site_name":"MATRAK FEDERASYONU","article_modified_time":"2024-11-16T08:59:35+00:00","twitter_card":"summary_large_image","twitter_misc":{"Tahmini okuma s\u00fcresi":"1 dakika"},"schema":{"@context":"https:\/\/schema.org","@graph":[{"@type":"WebPage","@id":"http:\/\/matrakfederasyonu.org\/?page_id=928","url":"http:\/\/matrakfederasyonu.org\/?page_id=928","name":"T.C. Milli E\u011fitim Bakanl\u0131\u011f\u0131 Matrak 1. Seviye Kurs Progam\u0131 - MATRAK FEDERASYONU","isPartOf":{"@id":"https:\/\/matrakfederasyonu.org\/#website"},"datePublished":"2024-07-31T14:22:50+00:00","dateModified":"2024-11-16T08:59:35+00:00","breadcrumb":{"@id":"http:\/\/matrakfederasyonu.org\/?page_id=928#breadcrumb"},"inLanguage":"tr","potentialAction":[{"@type":"ReadAction","target":["http:\/\/matrakfederasyonu.org\/?page_id=928"]}]},{"@type":"BreadcrumbList","@id":"http:\/\/matrakfederasyonu.org\/?page_id=928#breadcrumb","itemListElement":[{"@type":"ListItem","position":1,"name":"Anasayfa","item":"https:\/\/matrakfederasyonu.org\/"},{"@type":"ListItem","position":2,"name":"T.C. Milli E\u011fitim Bakanl\u0131\u011f\u0131 Matrak 1. Seviye Kurs Progam\u0131"}]},{"@type":"WebSite","@id":"https:\/\/matrakfederasyonu.org\/#website","url":"https:\/\/matrakfederasyonu.org\/","name":"MATRAK FEDERASYONU","description":"SULTANLARIN SPORU YEN\u0130\u00c7ER\u0130LER\u0130N CENK SANATI","publisher":{"@id":"https:\/\/matrakfederasyonu.org\/#organization"},"potentialAction":[{"@type":"SearchAction","target":{"@type":"EntryPoint","urlTemplate":"https:\/\/matrakfederasyonu.org\/?s={search_term_string}"},"query-input":{"@type":"PropertyValueSpecification","valueRequired":true,"valueName":"search_term_string"}}],"inLanguage":"tr"},{"@type":"Organization","@id":"https:\/\/matrakfederasyonu.org\/#organization","name":"MATRAK FEDERASYONU","url":"https:\/\/matrakfederasyonu.org\/","logo":{"@type":"ImageObject","inLanguage":"tr","@id":"https:\/\/matrakfederasyonu.org\/#\/schema\/logo\/image\/","url":"http:\/\/matrakfederasyonu.org\/wp-content\/uploads\/2022\/11\/cropped-cropped-MATRAK-FEDERASYONU-LOGO-2-1.png","contentUrl":"http:\/\/matrakfederasyonu.org\/wp-content\/uploads\/2022\/11\/cropped-cropped-MATRAK-FEDERASYONU-LOGO-2-1.png","width":864,"height":774,"caption":"MATRAK FEDERASYONU "},"image":{"@id":"https:\/\/matrakfederasyonu.org\/#\/schema\/logo\/image\/"}}]}},"_links":{"self":[{"href":"http:\/\/matrakfederasyonu.org\/index.php?rest_route=\/wp\/v2\/pages\/928","targetHints":{"allow":["GET"]}}],"collection":[{"href":"http:\/\/matrakfederasyonu.org\/index.php?rest_route=\/wp\/v2\/pages"}],"about":[{"href":"http:\/\/matrakfederasyonu.org\/index.php?rest_route=\/wp\/v2\/types\/page"}],"author":[{"embeddable":true,"href":"http:\/\/matrakfederasyonu.org\/index.php?rest_route=\/wp\/v2\/users\/1"}],"replies":[{"embeddable":true,"href":"http:\/\/matrakfederasyonu.org\/index.php?rest_route=%2Fwp%2Fv2%2Fcomments&post=928"}],"version-history":[{"count":5,"href":"http:\/\/matrakfederasyonu.org\/index.php?rest_route=\/wp\/v2\/pages\/928\/revisions"}],"predecessor-version":[{"id":1386,"href":"http:\/\/matrakfederasyonu.org\/index.php?rest_route=\/wp\/v2\/pages\/928\/revisions\/1386"}],"wp:attachment":[{"href":"http:\/\/matrakfederasyonu.org\/index.php?rest_route=%2Fwp%2Fv2%2Fmedia&parent=928"}],"curies":[{"name":"wp","href":"https:\/\/api.w.org\/{rel}","templated":true}]}}